{"id":7082,"date":"2023-03-23T17:50:01","date_gmt":"2023-03-23T16:50:01","guid":{"rendered":"http:\/\/bariballetcompetition.com\/new\/?page_id=7082"},"modified":"2023-03-23T17:54:10","modified_gmt":"2023-03-23T16:54:10","slug":"2023-live","status":"publish","type":"page","link":"http:\/\/bariballetcompetition.com\/new\/2023-live\/","title":{"rendered":"2023 Live"},"content":{"rendered":"\t\t<div data-elementor-type=\"wp-page\" data-elementor-id=\"7082\" class=\"elementor elementor-7082\" data-elementor-post-type=\"page\">\n\t\t\t\t\t\t<section class=\"elementor-section elementor-top-section elementor-element elementor-element-246c3e2 elementor-section-boxed elementor-section-height-default elementor-section-height-default\" data-id=\"246c3e2\" data-element_type=\"section\" data-e-type=\"section\">\n\t\t\t\t\t\t<div class=\"elementor-container elementor-column-gap-default\">\n\t\t\t\t\t<div class=\"elementor-column elementor-col-100 elementor-top-column elementor-element elementor-element-257d6d3\" data-id=\"257d6d3\" data-element_type=\"column\" data-e-type=\"column\">\n\t\t\t<div class=\"elementor-widget-wrap elementor-element-populated\">\n\t\t\t\t\t\t<div class=\"elementor-element elementor-element-cf48fd5 elementor-widget elementor-widget-heading\" data-id=\"cf48fd5\" data-element_type=\"widget\" data-e-type=\"widget\" data-widget_type=\"heading.default\">\n\t\t\t\t<div class=\"elementor-widget-container\">\n\t\t\t\t\t<h1 class=\"elementor-heading-title elementor-size-xl\">2023 Live Competition Winners<\/h1>\t\t\t\t<\/div>\n\t\t\t\t<\/div>\n\t\t\t\t<section class=\"elementor-section elementor-inner-section elementor-element elementor-element-1e79c47 elementor-section-boxed elementor-section-height-default elementor-section-height-default\" data-id=\"1e79c47\" data-element_type=\"section\" data-e-type=\"section\">\n\t\t\t\t\t\t<div class=\"elementor-container elementor-column-gap-default\">\n\t\t\t\t\t<div class=\"elementor-column elementor-col-50 elementor-inner-column elementor-element elementor-element-c395342\" data-id=\"c395342\" data-element_type=\"column\" data-e-type=\"column\">\n\t\t\t<div class=\"elementor-widget-wrap\">\n\t\t\t\t\t\t\t<\/div>\n\t\t<\/div>\n\t\t\t\t<div class=\"elementor-column elementor-col-50 elementor-inner-column elementor-element elementor-element-5e7bcf0\" data-id=\"5e7bcf0\" data-element_type=\"column\" data-e-type=\"column\">\n\t\t\t<div class=\"elementor-widget-wrap elementor-element-populated\">\n\t\t\t\t\t\t<div class=\"elementor-element elementor-element-fd4ac4c elementor-align-right elementor-widget elementor-widget-button\" data-id=\"fd4ac4c\" data-element_type=\"widget\" data-e-type=\"widget\" data-widget_type=\"button.default\">\n\t\t\t\t<div class=\"elementor-widget-container\">\n\t\t\t\t\t\t\t\t\t<div class=\"elementor-button-wrapper\">\n\t\t\t\t\t<a class=\"elementor-button elementor-button-link elementor-size-sm\" href=\"http:\/\/bariballetcompetition.com\/new\/wp-content\/uploads\/2023\/03\/OverallScores2023.pdf\">\n\t\t\t\t\t\t<span class=\"elementor-button-content-wrapper\">\n\t\t\t\t\t\t<span class=\"elementor-button-icon\">\n\t\t\t\t<i aria-hidden=\"true\" class=\"far fa-file-pdf\"><\/i>\t\t\t<\/span>\n\t\t\t\t\t\t\t\t\t<span class=\"elementor-button-text\">Download full scores<\/span>\n\t\t\t\t\t<\/span>\n\t\t\t\t\t<\/a>\n\t\t\t\t<\/div>\n\t\t\t\t\t\t\t\t<\/div>\n\t\t\t\t<\/div>\n\t\t\t\t\t<\/div>\n\t\t<\/div>\n\t\t\t\t\t<\/div>\n\t\t<\/section>\n\t\t\t\t<div class=\"elementor-element elementor-element-e38dd99 elementor-widget elementor-widget-text-editor\" data-id=\"e38dd99\" data-element_type=\"widget\" data-e-type=\"widget\" data-widget_type=\"text-editor.default\">\n\t\t\t\t<div class=\"elementor-widget-container\">\n\t\t\t\t\t\t\t\t\t<p><span style=\"text-decoration: underline;\"><b>PRECOMPETITIVE:<\/b><\/span><\/p><p><em><strong>3RD PRIZE<\/strong><\/em><\/p><p>102 YEVA KUSTOVA A MIDSUMMER NIGHT\u2019S DREAM &#8211; Ukraine<\/p><p>103 GIORGIA FINA COPPELIA DOLL &#8211; Italy<br \/><br \/><\/p><p><em><strong>2ND PRIZE<\/strong><\/em><\/p><p>101 EMA ABRAMAVICIUTE PAQUITA &#8211; &#8211; Lithuania<br \/><br \/><\/p><p><em><strong>1ST PRIZE<\/strong><\/em><\/p><p>100 MARGARITA \u0160UMAJLOVA &#8211; CIPOLLINO &#8211; Czech Republic<\/p><p>\u00a0<\/p><p>\u00a0<\/p><p><span style=\"text-decoration: underline;\"><strong>JUNIOR I CLASSICAL<\/strong><\/span><\/p><p><em><strong>Top 5<\/strong><\/em><\/p><p>116 FRANCISKA BONECZ LA FILLE MAL GARDEE Hungary<\/p><p>106 FUKA SASAKI LA ESMERALDA &#8211; Japan<\/p><p>107 KAMILLA LATIFI LA FILLE MAL GARDEE &#8211; Portugal<\/p><p>109 KEITO NAKAHIRA PAQUITA &#8211; Japan<\/p><p>110 ANGELA VY\u0160NIAUSKAITE BUTTERFLY &#8211; Lithuania<\/p><p>125 MEDA BUKAUSKAITEM RAYMONDA &#8211; Lithuania<\/p><p>112 IZABELE MUZNIKAITE -Lithuania<br \/><br \/><\/p><p><em><strong>3RD PRIZE<\/strong><\/em><\/p><p>109 KEITO NAKAHIRA &#8211; PAQUITA &#8211; Japan<br \/><br \/><\/p><p><em><strong>2ND PRIZE<\/strong><\/em><\/p><p>106 FUKA SASAKI LA ESMERALDA &#8211; Japan<\/p><p>107 KAMILLA LATIFI LA FILLE MALGARDEE &#8211; Portugal<br \/><br \/><\/p><p><em><strong>1ST PRIZE<\/strong><\/em><\/p><p>116 FRANCISKA BONECZ LA FILLE MAL GARDEE &#8211; Hungary<\/p><p>\u00a0<\/p><p>\u00a0<\/p><p><span style=\"text-decoration: underline;\"><strong>JUNIOR II CLASSICAL<\/strong><\/span><\/p><p><em><strong>3RD PRIZE<\/strong><\/em><\/p><p>136 RYTE ANUZYTE SLEEPING BEAUTY- Lithuanian<br \/><br \/><\/p><p><em><strong>2ND PRIZE<\/strong><\/em><\/p><p>134 MARIAM KULIJANISHVILI DANCING WITH BELLS &#8211; Georgia<br \/><br \/><\/p><p><em><strong>1ST PRIZE<\/strong><\/em><\/p><p>139 JULIA KOSTAKOV HARLEQUINADE &#8211; Japan<\/p><p>\u00a0<\/p><p>\u00a0<\/p><p><span style=\"text-decoration: underline;\"><strong>SENIOR CLASSICAL<\/strong><\/span><\/p><p><em><strong>TOP 10<\/strong><\/em><\/p><p>145 NIKOLOZ POTSKHISHVILI COPPELIA &#8211; Georgia<\/p><p>167 KAMILL KOKENYHAMORI DON QUIXOTE &#8211; Hungary<\/p><p>162 JANKA DOBRA LA ESMERALDA -Hungary<\/p><p>159 ANASTASIJA DOKIC THE SLEEPING BEAUTY &#8211; Hungary<\/p><p>165 NINA TAVDGIRIDZE LA ESMERALDA &#8211; Georgia<\/p><p>151 LIZA SZUCS LE CORSAIRE &#8211; Hungary<\/p><p>168 SALOME IARAJULI 3RD SHADE LA BAYADERE &#8211; Georgia<\/p><p>158 ANA DATUNASHVILI LA BAYADERE -Georgia<\/p><p>163 SAMANTA DRODVILAITE ZIENIUTE &#8211; NIKIYAS DEATH &#8211; Lithuania<\/p><p>166 NANA TABAGARI LE CORSAIRE &#8211; Georgia<\/p><p>143 TATA GRIGOLASHVILI TALISMAN &#8211; Georgia<\/p><p>154 DORA SZEPSI LA ESMERALDA &#8211; Hungary<\/p><p>152 MARIAM MIRIANASHVILI LA BAYADERE<br \/><br \/><\/p><p><em><strong>3RD PRIZE<\/strong><\/em><\/p><p>159 ANASTASIJA DOKIC THE SLEEPING BEAUTY &#8211; Hungary<br \/><br \/><\/p><p><em><strong>2ND PRIZE<\/strong><\/em><\/p><p>162 JANKA DOBRA LA ESMERALDA &#8211; Hungary<br \/><br \/><\/p><p><em><strong>1ST PRIZE<\/strong><\/em><\/p><p>167 KAMILL KOKENY HAMORI DON QUIXOTE &#8211; Hungary<\/p><p>145 NIKOLOZ POTSKHISHVILI COPPELIA &#8211; Georgia<\/p><p>\u00a0<\/p><p>\u00a0<\/p><p><span style=\"text-decoration: underline;\"><strong>PROFESSIONAL CLASSICAL<\/strong><\/span><\/p><p><em><strong>3RD PRIZE<\/strong><\/em><\/p><p>169 CHISATO INOKO GISELLE &#8211; Japan<\/p><p>\u00a0<\/p><p>\u00a0<\/p><p><span style=\"text-decoration: underline;\"><strong>PAS DE DEUX<\/strong><\/span><\/p><p><em><strong>1ST PRIZE<\/strong><\/em><\/p><p>170 JANKA DOBRA, KAMILL KOKENY-HAMORI &#8211; Hungary<\/p><p>\u00a0<\/p><p>\u00a0<\/p><p><span style=\"text-decoration: underline;\"><strong>DUET CLASSICAL<\/strong><\/span><\/p><p><em><strong>3RD PRIZE<\/strong><\/em><\/p><p>173 NANA TABAGARI, NINA TAVDGIRIDZE WALPURGIS NIGHT -Georgia<br \/><br \/><\/p><p><em><strong>2ND PRIZE<\/strong><\/em><\/p><p>171 NIA SIRBILADZE, TAMARI KAKASHVILI HARLEQUINADE &#8211; Georgia<br \/><br \/><\/p><p><em><strong>1ST PRIZE<\/strong><\/em><\/p><p>172 ANASTASIA GORGISHELI, IZORIA SESILI OCEAN AND PEARLS &#8211; Georgia<\/p><p>\u00a0<\/p><p>\u00a0<\/p><p><span style=\"text-decoration: underline;\"><strong>DUET CHARACTER DANCE<\/strong><\/span><\/p><p><em><strong>1ST PRIZE<\/strong><\/em><\/p><p>174 MARIAM MIRIANASHVILI, NIKOLOZ POTSKHISHVILI LEZGINKA &#8211; Georgia<\/p><p>\u00a0<\/p><p>\u00a0<\/p><p><span style=\"text-decoration: underline;\"><strong>ENSEMBLE CLASSICAL<\/strong><\/span><\/p><p><em><strong>2ND PRIZE<\/strong><\/em><\/p><p>175 CARNIVAL Lithuanian International Ballet Academy -Lithuania<br \/><br \/><\/p><p><em><strong>1ST PRIZE<\/strong><\/em><\/p><p>176 WINTERTIME Lithuanian International Ballet Academy -Lithuania<\/p><p>\u00a0<\/p><p>\u00a0<\/p><p><span style=\"text-decoration: underline;\"><strong>ENSEMBLE CHARACTER DANCE<\/strong><\/span><\/p><p><em><strong>1ST PRIZE<\/strong><\/em><\/p><p>177 &#8211; GANDAGAN V. CHABUKIANI TBILISI BALLET ART STATE SCHOOL &#8211; Georgia<\/p><p>\u00a0<\/p><p>\u00a0<\/p><p><span style=\"text-decoration: underline;\"><strong>JUNIOR CONTEMPORARY I<\/strong><\/span><\/p><p><em><strong>3RD PRIZE<\/strong><\/em><\/p><p>179 KAMILLA LATIFI ICE GIRL &#8211; Portugal<br \/><br \/><\/p><p><em><strong>2ND PRIZE<\/strong><\/em><\/p><p>182 MEDA BUKAUSKAITE FLICKER -Lithuania<br \/><br \/><\/p><p><em><strong>1ST PRIZE\u00a0<\/strong><\/em><\/p><p>FUKA SASAKI LOUDER THAN EVER &#8211; Japan<\/p><p>\u00a0<\/p><p>\u00a0<\/p><p><span style=\"text-decoration: underline;\"><strong>JUNIOR CONTEMPORARY II<\/strong><\/span><\/p><p><em><strong>3RD PRIZE<\/strong><\/em><\/p><p>192 ISABELL NI United States<br \/><br \/><\/p><p><em><strong>2ND PRIZE<\/strong><\/em><\/p><p>189 EMMY PALMIOTTA &#8211; Italy<br \/><br \/><\/p><p><em><strong>1ST PRIZE<\/strong><\/em><\/p><p>186 MARIAM KULIJANISHVILI &#8211; Georgia<\/p><p>191 MARIAMI JOJUA &#8211; Georgia<\/p><p>\u00a0<\/p><p>\u00a0<\/p><p><span style=\"text-decoration: underline;\"><strong>SENIOR CONTEMPORARY<\/strong><\/span><\/p><p><em><strong>TOP 10<\/strong><\/em><\/p><p>195 ALBERTO TAFUNI &#8211; Italy<\/p><p>198 GIOVANNI CENNAMO &#8211; Italy<\/p><p>200 MARIA GIULIA CHIURAZZI- Italy<\/p><p>215 BOGDAN HARALAMBOV -Bulgaria<\/p><p>208 MICHELLE TOSTO &#8211; Italy<\/p><p>216 FRANCESCA AL\u00d2 &#8211; Italy<\/p><p>207 GIULIA MARRONE -Italy<\/p><p>206 ALEXIA TZOULI SOLITON &#8211; Greece<\/p><p>212 GIUSEPPE CROGNALE- Italy<\/p><p>199 ANGELICA CUDAZZO SETA &#8211; Italy<\/p><p>214 GABRIELE SCARCIA &#8211; Italy<br \/><br \/><\/p><p><em><strong>3RD PRIZE<\/strong><\/em><\/p><p>200 MARIA GIULIA CHIURAZZI- Italy<br \/><br \/><\/p><p><em><strong>2ND PRIZE<\/strong><\/em><\/p><p>198 GIOVANNI CENNAMO &#8211; Italy<br \/><br \/><\/p><p><em><strong>1st PRIZE<\/strong><\/em><\/p><p>195 ALBERTO TAFUNI &#8211; Italy<\/p><p>\u00a0<\/p><p>\u00a0<\/p><p><span style=\"text-decoration: underline;\"><strong>PROFESSIONAL CONTEMPORARY<\/strong><\/span><\/p><p><em><strong>3RD PRIZE<\/strong><\/em><\/p><p>224 SABRINA BIALLO &#8211; Italy<br \/><br \/><\/p><p><em><strong>2ND PRIZE<\/strong><\/em><\/p><p>221 MARA LOIOTILE &#8211; Italy<br \/><br \/><\/p><p><em><strong>1st PRIZE<\/strong><\/em><\/p><p>223 HUI JING -China<\/p><p>\u00a0<\/p><p>\u00a0<\/p><p><span style=\"text-decoration: underline;\"><strong>DUET CONTEMPORARY<\/strong><\/span><\/p><p><em><strong>3RD PRIZE<\/strong><\/em><\/p><p>228 ALEXIA TZOULI, CHRISTINA EFSTATHIA CHALKIA -Greece<br \/><br \/><\/p><p><em><strong>2nd PRIZE<\/strong><\/em><\/p><p>225 DAVIDE TOMMASI, MATTEO GIAFFREDA POINT- Italy<br \/><br \/><\/p><p><em><strong>1st PRIZE<\/strong><\/em><\/p><p>227 ALBERTO TAFUNI, GIOVANNI CENNAMO CUM PANIS &#8211; Italy<\/p><p>\u00a0<\/p><p>\u00a0<\/p><p><span style=\"text-decoration: underline;\"><strong>ENSEMBLE CONTEMPORARY<\/strong><\/span><\/p><p><em><strong>3RD PRIZE<\/strong><\/em><\/p><p>238 &#8211; BEFORE &#8211; D.Lab Laboratori Danza &#8211; Italy<br \/><br \/><\/p><p><em><strong>2ND PRIZE<\/strong><\/em><\/p><p>239 &#8211; Dimensione Danza Ballet Studio Maglie-Italy<br \/><br \/><\/p><p><em><strong>1ST PRIZE<\/strong><\/em><\/p><p>237 -FLOWING &#8211; DANZARTE -Italy<\/p><p>240 &#8211; Accademia di danza Nibe &#8211; Italy<\/p><p>\u00a0<\/p><p>\u00a0<\/p><p><strong><span style=\"text-decoration: underline;\">BEST FEMALE DANCER<\/span> &#8211; MARIAM KULIJANISHVILI &#8211; Georgia<\/strong><\/p><p><strong><span style=\"text-decoration: underline;\">BEST MALE DANCER<\/span> &#8211; KAMIL KOKENY HAMORI &#8211; HUNGARY<\/strong><\/p><p><strong><span style=\"text-decoration: underline;\">BEST CHOREOGRAPHY<\/span> 237 -Flowing -Danzarte -Italy<\/strong><\/p><p><span style=\"text-decoration: underline;\"><strong>PREMIO &#8221;DOMENICO MODUGNO &#8221; EDITION 2023<\/strong><\/span><strong>:V CHABUKIANI TBILISI BALLET ART STATE SCHOOL &#8211; GEORGIA<\/strong><\/p>\t\t\t\t\t\t\t\t<\/div>\n\t\t\t\t<\/div>\n\t\t\t\t<div class=\"elementor-element elementor-element-e8ece3b elementor-widget-divider--view-line elementor-widget elementor-widget-divider\" data-id=\"e8ece3b\" data-element_type=\"widget\" data-e-type=\"widget\" data-widget_type=\"divider.default\">\n\t\t\t\t<div class=\"elementor-widget-container\">\n\t\t\t\t\t\t\t<div class=\"elementor-divider\">\n\t\t\t<span class=\"elementor-divider-separator\">\n\t\t\t\t\t\t<\/span>\n\t\t<\/div>\n\t\t\t\t\t\t<\/div>\n\t\t\t\t<\/div>\n\t\t\t\t\t<\/div>\n\t\t<\/div>\n\t\t\t\t\t<\/div>\n\t\t<\/section>\n\t\t\t\t<section class=\"elementor-section elementor-top-section elementor-element elementor-element-98f7008 elementor-section-boxed elementor-section-height-default elementor-section-height-default\" data-id=\"98f7008\" data-element_type=\"section\" data-e-type=\"section\">\n\t\t\t\t\t\t<div class=\"elementor-container elementor-column-gap-default\">\n\t\t\t\t\t<div class=\"elementor-column elementor-col-100 elementor-top-column elementor-element elementor-element-9c8557f\" data-id=\"9c8557f\" data-element_type=\"column\" data-e-type=\"column\">\n\t\t\t<div class=\"elementor-widget-wrap elementor-element-populated\">\n\t\t\t\t\t\t<div class=\"elementor-element elementor-element-ff8a2ff elementor-widget elementor-widget-heading\" data-id=\"ff8a2ff\" data-element_type=\"widget\" data-e-type=\"widget\" data-widget_type=\"heading.default\">\n\t\t\t\t<div class=\"elementor-widget-container\">\n\t\t\t\t\t<h1 class=\"elementor-heading-title elementor-size-xl\">2023 Live Competition - Scholarships<\/h1>\t\t\t\t<\/div>\n\t\t\t\t<\/div>\n\t\t\t\t<div class=\"elementor-element elementor-element-2465938 elementor-widget elementor-widget-text-editor\" data-id=\"2465938\" data-element_type=\"widget\" data-e-type=\"widget\" data-widget_type=\"text-editor.default\">\n\t\t\t\t<div class=\"elementor-widget-container\">\n\t\t\t\t\t\t\t\t\t<p><b>Private Audition -one week free classes at Vienna State Opera&#8217;s Ballet Academy:<\/b><br \/>145-NIKOLOZ POTSKHISHVILI- GEORGIA<\/p><p><b>30 % on competition for Bologna Ballet Competition 10-12 November 2023, Bologna Italy:<\/b><br \/>106-FUKA SASAKI Japan<br \/>116-FRANCISKA BONECZ Hungary<br \/>125-MEDA BUKAUSKAITE Lithuania<br \/>151-LIZA SZUCS-HUNGARY<br \/>162-JANKA DOBRA- HUNGARY<br \/>163-SAMANTA DRODVILAITE ZIENIUTE Lithuania<\/p><p><b>50% Vetrina Coreografica Olbia 15 &#8211; 17 July 2023<\/b><br \/>179 -KAMILLA LATIFI -Portugal<br \/>182-MEDA BUKAUSKAITE &#8211; Lithuania<br \/>213-CLAUDIA CUPERTINO &#8211; Italy<br \/>225-Asd Energy Dance -Italy<br \/>239-Dimensione Danza Ballet Studio Maglie-Italy<\/p><p><b>100% One year Opificio Roma professional study program<\/b><br \/>199-ANGELICA CUDAZZO &#8211; Italy<br \/>200-MARIA GIULIA CHIURAZZI &#8211; Italy<\/p><p><b>100% &#8211; 1 Year Mac Roma Pro Study Program 23\/24<\/b><br \/>208-MICHELLE TOSTO &#8211; Italy<br \/>214-GABRIELE SCARCIA &#8211; Italy<\/p><p><b>100% One Year &#8211; The place Madrid Study Program<\/b><br \/>212 -GIUSEPPE CROGNALE &#8211; Italy<br \/>216-FRANCESCA AL\u00d2 &#8211; Italy<br \/>219-\u00c1BEL \u00d3N\u00d3D- Hungary<\/p><p><b>One Week 100% Maison \/ Roma -23\/24<\/b><br \/>205-BOGDAN HARALAMBOV- Bulgaria<br \/>210-VANESSA CELLAMARE &#8211; Italy<\/p><p><b>Eolie Dance Festival 27\/30 AUGUST- 2023 50%<\/b><br \/>227 -CUM PANIS &#8211; Italy<br \/>228-TRANSIT TO VENUS- Grecce<br \/>237-FLOWING &#8211; DANZARTE- Italy<\/p><p><b>1 year 100% -Millenium Dance Center Nice<\/b><br \/>195-ALBERTO TAFUNI- Italy<br \/>215-BOGDAN HARALAMBOV &#8211; Bulgaria<\/p><p><b>100% Hungarian D A. Summer Ballet Intensive Budapest 7-19 July 2023<\/b><br \/>166 -NANA TABAGARI-Georgia<br \/>134-MARIAM KULIJANISHVILI- Georgia<\/p><p><b>50% Scholarship academic year (2023\/24 ) Hungarian Dance Academy<\/b><br \/>145-NIKOLOZ POTSKHISHVILI-Georgia<\/p><p><b>100% CONTEMPORARY PROGRAM Hungarian Dance Academy 23\/24<\/b><br \/>195-ALBERTO TAFUNI- Italy<br \/>198-GIOVANNI CENNAMO-Italy<br \/>207-GIULIA MARRONE-Italy<br \/>212-GIUSEPPE CROGNALE-Italy<\/p><p><b>100% Stage in Dance Livorno &#8211; 10-16 July 2023 &#8211; Italy<\/b><br \/>205 -BOGDAN HARALAMBOV- Bulgaria<br \/>206-ALEXIA TZOULI-Greece<\/p><p><b>50% Scholarship , Narnia Festival 18\/21 July 2023 Italy<\/b><br \/>189-EMMY PALMIOTTA-Italy<\/p><p><b>20 % Ballet Summer Camp &#8211; 6-12 August 2023 &#8211; Istanbul, Turkey<\/b><br \/>138 -NICOLE CURATOLO-Italy<\/p><p><b>INVITATION AUDITION 7 July 2023 Mesagne Italy:<\/b><br \/>169-CHISATO INOKO &#8211; JAPAN<br \/>216-FRANCESCA AL\u00d2-Italy<br \/>201-SIMONA PIZZOLLA-Italy<\/p><p><b>Sibiu Ballet Theater &#8211; Apprentship Season 22\/24<\/b><br \/>160-SALOME IARAJULI-Georgia<br \/>166-NANA TABAGARI-Georgia<br \/>163-SAMANTA DRODVILAITE ZIENIUTE-Lithuania<\/p><p><b>30% &#8211; Summer Intensive &amp; Gala Performance 31 July -12 August &#8211; 2023 &#8211; Sibiu &#8211; Romania<\/b><br \/>103 -GIORGIA FINA-Italy<br \/>105 -SOFIA LAGRAVINESE-Italy<\/p><p><b>Invitation Sibiu Dance Competition 20-22 &#8211; October 2023 &#8211; Sibiu- Romania<\/b><br \/>176-WINTERTIM-Lithuania<\/p><p><b>ONE WEEK free training Atzewi Dance Company &#8211; Italy<\/b><br \/>196-FEDERICA GUERRA-Italy<br \/>198-GIOVANNI CENNAMO-Italy<br \/>207-GIULIA MARRON-Italy<br \/>230-SAHARA-Italy<\/p><p><b>50% ONE YEAR Atzewi Dance Company &#8211; Italy<\/b><\/p><p>208-MICHELLE TOSTO-Italy<br \/>214 -GABRIELE SCARCIA-Italy<br \/>221-MARA LOIOTILLE &#8211; Italy<br \/>231-MARTINA NINIVAGGI, ROSA CALIA-Italy<\/p><p><b>70% FLORENCE DANCE FESTIVAL 6-9 JULY 2023<\/b><br \/>233-INTERFASE -Italy<br \/>234-CONNESSIONI-Italy<br \/>236-ROMANCE-Italy<br \/>240-L&#8217;ALTRO IO DELLA MIA MENTE-Italy<\/p><p><b>Two weeks 100% The Dallas Conservatory USA Season 23\/24<\/b><br \/>168 -SALOME IARAJULI-Georgia<br \/>165-NINA TAVDGIRIDZE-Georgia<br \/>143-TATA GRIGOLASHVILI-Georgia<br \/>154-DORA SZEPSI-Hungary<\/p><p><b>50% Amo La Danza 12-16 July 2023 -Mola di Bari &#8211; Italy<\/b><br \/>193-GIULIA DUMA-Italy<br \/>184-BENEDETTA DE NITTO-Italy<\/p><p><b>50% IDTCI Competition Final Round 7-9 July &#8211; Mesagne Italy<\/b><br \/><b>30% Workshop 3-6 July 2023 + Finals 7-9 July 2023 Mesagne, Italy<\/b><br \/>138-NICOLE CURATOLO-Italy<\/p><p>\u00a0<\/p><p><b>Invitation IDTCI (season 2024 ) &#8211; European Semifinal -11-12 November 2023 &#8211; Bruxelles<\/b><br \/>111-ELIZAVETA \u0160UMAJLOVA-Czech Republic<\/p><p>\u00a0<\/p><p><b>30% Intensive Workshop, Sharm el Sheik August 2023<\/b><br \/>228-TRANSIT TO VENUS-Greece<\/p><p><b>100% TTstage Workshop 7 al 29 July, Rapallo Italy<\/b><br \/>194-ALBENA NIKOLAEVA-Bulgaria<\/p><p><b>50% TTstage Workshop 7 al 29 July, Rapallo Italy<\/b><br \/>217-MARTINA RITA PISCITELLI-Italy<\/p><p><b>100% Pollino Danza Festival &#8211; Italy<\/b><br \/>203-ALBENA NIKOLAEVA-Bulgaria<\/p><p><b>60% -Pollino Danza Festival &#8211; Italy<\/b><br \/>156-: MARIARITA SICIGNANO-Italy<br \/>130-ALISIA FILOMENA CARRIERO-Italy<\/p>\t\t\t\t\t\t\t\t<\/div>\n\t\t\t\t<\/div>\n\t\t\t\t\t<\/div>\n\t\t<\/div>\n\t\t\t\t\t<\/div>\n\t\t<\/section>\n\t\t\t\t<\/div>\n\t\t","protected":false},"excerpt":{"rendered":"<p>2023 Live Competition Winners Download full scores PRECOMPETITIVE: 3RD PRIZE 102 YEVA KUSTOVA A MIDSUMMER NIGHT\u2019S DREAM &#8211; Ukraine 103 GIORGIA FINA COPPELIA DOLL &#8211; Italy 2ND PRIZE 101 EMA ABRAMAVICIUTE PAQUITA &#8211; &#8211; Lithuania 1ST PRIZE 100 MARGARITA \u0160UMAJLOVA &#8211; CIPOLLINO &#8211; Czech Republic JUNIOR I CLASSICAL Top 5 116 FRANCISKA BONECZ LA FILLE [&hellip;]<\/p>\n","protected":false},"author":2,"featured_media":0,"parent":0,"menu_order":0,"comment_status":"closed","ping_status":"closed","template":"","meta":{"footnotes":""},"class_list":["post-7082","page","type-page","status-publish","hentry"],"_links":{"self":[{"href":"http:\/\/bariballetcompetition.com\/new\/wp-json\/wp\/v2\/pages\/7082","targetHints":{"allow":["GET"]}}],"collection":[{"href":"http:\/\/bariballetcompetition.com\/new\/wp-json\/wp\/v2\/pages"}],"about":[{"href":"http:\/\/bariballetcompetition.com\/new\/wp-json\/wp\/v2\/types\/page"}],"author":[{"embeddable":true,"href":"http:\/\/bariballetcompetition.com\/new\/wp-json\/wp\/v2\/users\/2"}],"replies":[{"embeddable":true,"href":"http:\/\/bariballetcompetition.com\/new\/wp-json\/wp\/v2\/comments?post=7082"}],"version-history":[{"count":5,"href":"http:\/\/bariballetcompetition.com\/new\/wp-json\/wp\/v2\/pages\/7082\/revisions"}],"predecessor-version":[{"id":7088,"href":"http:\/\/bariballetcompetition.com\/new\/wp-json\/wp\/v2\/pages\/7082\/revisions\/7088"}],"wp:attachment":[{"href":"http:\/\/bariballetcompetition.com\/new\/wp-json\/wp\/v2\/media?parent=7082"}],"curies":[{"name":"wp","href":"https:\/\/api.w.org\/{rel}","templated":true}]}}