{"id":7261,"date":"2024-03-25T23:04:59","date_gmt":"2024-03-25T22:04:59","guid":{"rendered":"http:\/\/bariballetcompetition.com\/new\/?page_id=7261"},"modified":"2024-03-27T18:24:35","modified_gmt":"2024-03-27T17:24:35","slug":"2024-live","status":"publish","type":"page","link":"http:\/\/bariballetcompetition.com\/new\/2024-live\/","title":{"rendered":"2024 Live"},"content":{"rendered":"\t\t<div data-elementor-type=\"wp-page\" data-elementor-id=\"7261\" class=\"elementor elementor-7261\" data-elementor-post-type=\"page\">\n\t\t\t\t\t\t<section class=\"elementor-section elementor-top-section elementor-element elementor-element-246c3e2 elementor-section-boxed elementor-section-height-default elementor-section-height-default\" data-id=\"246c3e2\" data-element_type=\"section\" data-e-type=\"section\">\n\t\t\t\t\t\t<div class=\"elementor-container elementor-column-gap-default\">\n\t\t\t\t\t<div class=\"elementor-column elementor-col-100 elementor-top-column elementor-element elementor-element-257d6d3\" data-id=\"257d6d3\" data-element_type=\"column\" data-e-type=\"column\">\n\t\t\t<div class=\"elementor-widget-wrap elementor-element-populated\">\n\t\t\t\t\t\t<div class=\"elementor-element elementor-element-cf48fd5 elementor-widget elementor-widget-heading\" data-id=\"cf48fd5\" data-element_type=\"widget\" data-e-type=\"widget\" data-widget_type=\"heading.default\">\n\t\t\t\t<div class=\"elementor-widget-container\">\n\t\t\t\t\t<h1 class=\"elementor-heading-title elementor-size-xl\">2024 Live Competition Winners<\/h1>\t\t\t\t<\/div>\n\t\t\t\t<\/div>\n\t\t\t\t<section class=\"elementor-section elementor-inner-section elementor-element elementor-element-1e79c47 elementor-section-boxed elementor-section-height-default elementor-section-height-default\" data-id=\"1e79c47\" data-element_type=\"section\" data-e-type=\"section\">\n\t\t\t\t\t\t<div class=\"elementor-container elementor-column-gap-default\">\n\t\t\t\t\t<div class=\"elementor-column elementor-col-50 elementor-inner-column elementor-element elementor-element-c395342\" data-id=\"c395342\" data-element_type=\"column\" data-e-type=\"column\">\n\t\t\t<div class=\"elementor-widget-wrap\">\n\t\t\t\t\t\t\t<\/div>\n\t\t<\/div>\n\t\t\t\t<div class=\"elementor-column elementor-col-50 elementor-inner-column elementor-element elementor-element-5e7bcf0\" data-id=\"5e7bcf0\" data-element_type=\"column\" data-e-type=\"column\">\n\t\t\t<div class=\"elementor-widget-wrap elementor-element-populated\">\n\t\t\t\t\t\t<div class=\"elementor-element elementor-element-fd4ac4c elementor-align-right elementor-widget elementor-widget-button\" data-id=\"fd4ac4c\" data-element_type=\"widget\" data-e-type=\"widget\" data-widget_type=\"button.default\">\n\t\t\t\t<div class=\"elementor-widget-container\">\n\t\t\t\t\t\t\t\t\t<div class=\"elementor-button-wrapper\">\n\t\t\t\t\t<a class=\"elementor-button elementor-button-link elementor-size-sm\" href=\"http:\/\/bariballetcompetition.com\/new\/wp-content\/uploads\/2024\/03\/OverallScores2024.pdf\">\n\t\t\t\t\t\t<span class=\"elementor-button-content-wrapper\">\n\t\t\t\t\t\t<span class=\"elementor-button-icon\">\n\t\t\t\t<i aria-hidden=\"true\" class=\"far fa-file-pdf\"><\/i>\t\t\t<\/span>\n\t\t\t\t\t\t\t\t\t<span class=\"elementor-button-text\">Download full scores<\/span>\n\t\t\t\t\t<\/span>\n\t\t\t\t\t<\/a>\n\t\t\t\t<\/div>\n\t\t\t\t\t\t\t\t<\/div>\n\t\t\t\t<\/div>\n\t\t\t\t\t<\/div>\n\t\t<\/div>\n\t\t\t\t\t<\/div>\n\t\t<\/section>\n\t\t\t\t<div class=\"elementor-element elementor-element-e38dd99 elementor-widget elementor-widget-text-editor\" data-id=\"e38dd99\" data-element_type=\"widget\" data-e-type=\"widget\" data-widget_type=\"text-editor.default\">\n\t\t\t\t<div class=\"elementor-widget-container\">\n\t\t\t\t\t\t\t\t\t<p><b><u>PRE COMPETITIVE<\/u><\/b><\/p><p>3RD PRIZE &#8211; 101 &#8211; UGNEJA PAULAUSKAITE-\u00a0 LITHUANIA<\/p><p>2ND PRIZE &#8211; 103 &#8211; ADELINA-VIKTORIJA BRAZAITYTE &#8211; LITHUANIA<\/p><p>1ST PRIZE\u00a0 &#8211; 105 &#8211;\u00a0 META ME\u0160KYTE &#8211; LITHUANIA<\/p><p><b><u>JUNIOR I CLASSICAL<\/u><\/b><\/p><p>3RD PRIZE &#8211; 113 &#8211; NIDA DIDVALE-LITHUANIA<\/p><p>2ND PRIZE &#8211; 121 &#8211; IZABELE MUZNIKAIT-LITHUANIA<\/p><p>1ST PRIZE &#8211; 124 &#8211; LIUCIJA BALCIUNAITE-LITHUANIA<\/p><p><b><u>JUNIOR II CLASSICAL<\/u><\/b><\/p><p>3RD PRIZE<br \/>129 -LARA HANNA DON\u00c1T-HUNGARY<br \/>133 &#8211; BURTCHULADZE NUTSA-GEORGIA<\/p><p>2ND PRIZE<br \/>128 -RENNA LORIS -ITALY<\/p><p>1ST PRIZE<br \/>138 &#8211;\u00a0 MARIAM KULIJANISHVILI-GEORGIA<br \/>137 &#8211; ADRIJA BARTUSEVICIUTE-LITHUANIA<\/p><p><b><u>SENIOR CLASSICAL<\/u><\/b><\/p><p><b>TOP 10<\/b><\/p><p>157 LIZA ZS\u00d3FIA SZUCS<br \/>150 TATA GRIGOLASHVILI TALISMAN<br \/>146 CHERNYSHOVA EMMA<br \/>160 FELIX BOBOI<br \/>154 FERENC PATRIK PETHO<br \/>164 TANIASHVILI EKATERINE<br \/>149 TAMARI KAKASHVILI<br \/>162 SOFIA LIACI<br \/>156 SHVELIDZE ELENE<br \/>153 KHORAVA MARIAMIRADISH<br \/>144 GOGITIDZE MARIAM<\/p><p>3RD PRIZE<br \/>160 -FELIX BOBOI -HUNGARY<\/p><p>2ND PRIZE<br \/>146 -CHERNYSHOVA EMMA-GEORGIA<\/p><p>1ST PRIZE<br \/>157-LIZA ZS\u00d3FIA SZUCS-HUNGARY<br \/>150- TATA GRIGOLASHVILI-GEORGIA<\/p><p><span style=\"text-decoration: underline;\"><strong>PROFESSIONAL CLASSICAL<\/strong><\/span><\/p><p>3RD PRIZE<br \/>168-EMER LENIHAN-IRELAND<\/p><p>2ND PRIZE<br \/>165 -EMMANUEL GUADALUPE TORRES V\u00c1ZQUEZ-MEXICO<\/p><p>1ST PRIZE NOT AWARDED<\/p><p><span style=\"text-decoration: underline;\"><strong>DUET CLASSICAL<\/strong><\/span><\/p><p>3RD PRIZE<br \/>173 -CHITALADZE MARIAMI,TAMARI KAKASHVILI-GEORGIA<\/p><p>2ND PRIZE<br \/>169-BORKA KIS, ESZTER M\u00dcLLER-HUNGARY<\/p><p>1ST PRIZE<br \/>170 -GR\u00c9TA BORB\u00c1LA UNGV\u00c1RY J\u00c1ZMIN SZAK\u00c1CS-HUNGARY<br \/>172 -CHERNYSHOVA EMMA, SHVELIDZE ELENE-GEORGIA<\/p><p>\u00a0<\/p><p><span style=\"text-decoration: underline;\"><strong>CONTEMPORARY JUNIOR I<\/strong><\/span><\/p><p>3RD PRIZE<br \/>179 IZABELE MUZNIKAITE-IT IS NOT ABOUT YOU-LITHUANIA<br \/>182 GIORGIA SPALLUTO AWAKENING -ITALY<\/p><p>2ND PRIZE<br \/>175 GINEVRA INTIGLIETTA -WORKING ON A DREAM-ITALY<\/p><p>1ST PRIZE <br \/>174 CARLOTTA CAPURSO &#8211; REBUS -ITALY<\/p><p>\u00a0<\/p><p><span style=\"text-decoration: underline;\"><strong>CONTEMPORARY JUNIOR II<\/strong><\/span><\/p><p>3RD PRIZE<br \/>185 SYRIA SPEDICATO &#8211; ITALY<br \/>194 MAURA PALAZZO &#8211; ITALY<\/p><p>2ND PRIZE<br \/>188 MARIAM KULIJANISHVILI &#8211; GEORGIA<br \/>189 SOFIA CAPUTO &#8211; ITALY<\/p><p>1ST PRIZE<br \/>187 ADRIJA BARTUSEVICIUTE- LITHUANIA<\/p><p>\u00a0<\/p><p><span style=\"text-decoration: underline;\"><strong>SENIOR CONTEMPORARY :<\/strong><\/span><\/p><p><strong>TOP 5<br \/><\/strong>208 &#8211; ALESSANDRO COLONNA &#8211; Italy<br \/>200 &#8211; ALBERTO TAFUNI &#8211; Italy<br \/>213 &#8211; J\u00daLIA KARINA PRECUP &#8211; Hungary<br \/>206 &#8211; SIMONA PIZZOLLA &#8211; Italy<br \/>214 GIUSEPPE CROGNALE &#8211; Italy<br \/>210 &#8211; GIULIA MARRONE &#8211; I&#8217;LL DIE FOR LOVE CENTRO DANZA ENSEMBLE &#8211; Italy<br \/>211 &#8211; JE SUIS MONICA ROTONDO &#8211; Italy<\/p><p>3RD PRIZE<br \/>206 &#8211; SIMONA PIZZOLLA &#8211; Italy<br \/>214 &#8211; GIUSEPPE CROGNALE &#8211; Italy<\/p><p>2ND PRIZE<br \/>213 &#8211; J\u00daLIA KARINA PRECUP &#8211; Hungary<\/p><p>1ST PRIZE<br \/>208 &#8211; ALESSANDRO COLONNA &#8211; Italy<br \/>200-\u00a0 ALBERTO TAFUNI &#8211; Italy<\/p><p>\u00a0<\/p><p><span style=\"text-decoration: underline;\"><strong>PROFESSIONAL CONTEMPORARY<\/strong><\/span><\/p><p>3RD PRIZE<br \/>219 &#8211; GABRIELLA CUOCCI &#8211; Italy<\/p><p>2ND PRIZE<br \/>215 &#8211; EMER LENIHAN &#8211; Ireland<\/p><p>1ST PRIZE<br \/>216 &#8211; EMMANUEL GUADALUPE TORRES V\u00c1ZQUEZ &#8211; Mexico<\/p><p>\u00a0<\/p><p><span style=\"text-decoration: underline;\"><strong>DUET CONTEMPORARY<\/strong><\/span><\/p><p>3RD PRIZE<br \/>227 &#8211; HOPE Academia de Danza Doris Topete &#8211; Mexico<\/p><p>2ND PRIZE<br \/>226 &#8211; CONTROADAGIO &#8211; BALLET CENTER &#8211; ITALY<\/p><p>1ST PRIZE<br \/>224 &#8211; FIGHT APATHY &#8211; DANZARTE &#8211; ITALY<br \/>225 &#8211; TRANSFER-HUNGARIAN DANCE UNIVERISTY &#8211; HUNGARY<\/p><p>\u00a0<\/p><p><span style=\"text-decoration: underline;\"><strong>CHARACTER DANCE ENSEMBLE<\/strong><\/span><\/p><p>2ND PRIZE <br \/>230 &#8211; LA BAMBA &#8211; MEXICO<\/p><p>1ST PRIZE <br \/>229 &#8211; LAZURI-GEORGIA<\/p><p>\u00a0<\/p><p><span style=\"text-decoration: underline;\"><strong>CASSICAL ENSEMBLE<\/strong><\/span><\/p><p>3RD PRIZE<br \/>236 &#8211; VERDI SUITE &#8211; ACCADEMIA DELLE DANZE &#8211; ITALY<br \/>239 &#8211; NORWEGIAN DANCE &#8211; Victoria Art&amp;Sport Company &#8211; Hungary<\/p><p>2ND PRIZE<br \/>234 &#8211; DIVERTISSIMENT &#8211; Lithuanian International Ballet-Academy (Kaunas) &#8211; Lithuania<\/p><p>1ST PRIZE<br \/>233 &#8211; THE FAIRYDOLL, PAS DE TROIS &#8211; HUNGARIAN DANCE UNIVERSITY &#8211; HUNGARY<\/p><p>\u00a0<\/p><p><span style=\"text-decoration: underline;\"><strong>ENSEMBLE CONTEMPORARY<\/strong><\/span><\/p><p>3RD PRIZE<br \/>245 &#8211; LE BOLERO\u2019- BALLLET CENTER &#8211; ITALY<br \/>251- MUTAMENTO &#8211; Liceo Coreutico Epifanio Ferdinando &#8211; ITALY<\/p><p>2ND PRIZE<br \/>250 &#8211; PRISMA &#8211; CENTRO DANZA ENSEMBLE &#8211; ITALY<\/p><p>1ST PRIZE<br \/>249 &#8211; SOLO UN ACCUMULO DI PICCOLI PASSI &#8211; DANZARTE &#8211; ITALY<\/p><p>\u00a0<\/p><p><span style=\"text-decoration: underline;\"><strong>BEST FEMALE DANCER<br \/><\/strong><\/span>ADRIJA BARTUSEVICIUTE &#8211; LITHUANIA<\/p><p><span style=\"text-decoration: underline;\"><strong>BEST MALE DANCER<br \/><\/strong><\/span>EMMANUEL GUADALUPE TORRES V\u00c1ZQUEZ &#8211; Mexico<\/p><p><span style=\"text-decoration: underline;\"><strong>BEST CHOREOGRAPHY<br \/><\/strong><\/span>250-PRISMA &#8211; CENTRO DANZA ENSEMBLE-ITALY<\/p><p>\u00a0<\/p><p><strong><span style=\"text-decoration: underline;\">GRAND PRIX &#8221;DOMENICO MODUGNO &#8221; 2024<\/span><\/strong> <br \/>Vakhtang Chabukiani TBILISI BALLET ART STATE SCHOOL &#8211; GEORGIA<\/p><div>\u00a0<\/div>\t\t\t\t\t\t\t\t<\/div>\n\t\t\t\t<\/div>\n\t\t\t\t<div class=\"elementor-element elementor-element-e8ece3b elementor-widget-divider--view-line elementor-widget elementor-widget-divider\" data-id=\"e8ece3b\" data-element_type=\"widget\" data-e-type=\"widget\" data-widget_type=\"divider.default\">\n\t\t\t\t<div class=\"elementor-widget-container\">\n\t\t\t\t\t\t\t<div class=\"elementor-divider\">\n\t\t\t<span class=\"elementor-divider-separator\">\n\t\t\t\t\t\t<\/span>\n\t\t<\/div>\n\t\t\t\t\t\t<\/div>\n\t\t\t\t<\/div>\n\t\t\t\t\t<\/div>\n\t\t<\/div>\n\t\t\t\t\t<\/div>\n\t\t<\/section>\n\t\t\t\t<section class=\"elementor-section elementor-top-section elementor-element elementor-element-98f7008 elementor-section-boxed elementor-section-height-default elementor-section-height-default\" data-id=\"98f7008\" data-element_type=\"section\" data-e-type=\"section\">\n\t\t\t\t\t\t<div class=\"elementor-container elementor-column-gap-default\">\n\t\t\t\t\t<div class=\"elementor-column elementor-col-100 elementor-top-column elementor-element elementor-element-9c8557f\" data-id=\"9c8557f\" data-element_type=\"column\" data-e-type=\"column\">\n\t\t\t<div class=\"elementor-widget-wrap elementor-element-populated\">\n\t\t\t\t\t\t<div class=\"elementor-element elementor-element-ff8a2ff elementor-widget elementor-widget-heading\" data-id=\"ff8a2ff\" data-element_type=\"widget\" data-e-type=\"widget\" data-widget_type=\"heading.default\">\n\t\t\t\t<div class=\"elementor-widget-container\">\n\t\t\t\t\t<h1 class=\"elementor-heading-title elementor-size-xl\">2024 Live Competition - Scholarships<\/h1>\t\t\t\t<\/div>\n\t\t\t\t<\/div>\n\t\t\t\t<div class=\"elementor-element elementor-element-2465938 elementor-widget elementor-widget-text-editor\" data-id=\"2465938\" data-element_type=\"widget\" data-e-type=\"widget\" data-widget_type=\"text-editor.default\">\n\t\t\t\t<div class=\"elementor-widget-container\">\n\t\t\t\t\t\t\t\t\t<p><strong>50 % ViaggioDANZA summer campus | Nocera Superiore (Salerno) 17 -21 Luglio 2024,<\/strong><br \/>-152 &#8211; GIULIA MARIA TONDI Italy<br \/>-185 &#8211; SYRIA SPEDICATO Italy<br \/>-204 &#8211; MARTA BENEDETTA CANNOLETTA &#8211; Italy<\/p><p><strong>50% AMO LA DANZA JULY -WORKSHOP ITALY<\/strong><br \/>189 &#8211; SOFIA CAPUTO &#8211; Italy<br \/>204 &#8211; MARTA BENEDETTA CANNOLETTA &#8211; Italy<\/p><p><strong>100 % Tuition Fee Summer Intensive Mosa Ballet School<\/strong><br \/>125 &#8211; ADRIJA BARTUSEVICIUTE &#8211; Lithuania<br \/>139 &#8211; TATA GRIGOLASHVILI &#8211; Georgia<br \/>160 &#8211; FELIX BOBOI &#8211; Hungary<\/p><p><strong>100% Evergreen dance workshop 3\/4\/5\/6 JANUARY 2025 &#8211; Catania &#8211; Italy<\/strong><br \/>208 &#8211; ALESSANDRO COLONNA &#8211; Italy<\/p><p><strong>50 % FIC WORKSHOP 3 &#8211; 12 -2024 &#8211; Catania &#8211; Italy<\/strong><br \/>206 &#8211; SIMONA PIZZOLLA &#8211; Italy<\/p><p><strong>100 % FIC WORKSHOP 3 &#8211; 12 -2024 &#8211; Catania &#8211; Italy<\/strong><br \/>210 &#8211; GIULIA MARRONE &#8211; Italy<br \/>158 &#8211; Samuele AprilE &#8211; Italy<\/p><p><strong>INVITATION TO CHOREOGRPAGHER FOR &#8221;VETRINA COREOGRAFICA PROJECT &#8221; 3\/4\/5\/6 JANUARY 2025 &#8211; Catania &#8211; Italy<\/strong><br \/>224 &#8211; Danzarte &#8211; Rosanna Cannito &#8211; Italy<\/p><p><span style=\"text-decoration: underline;\"><strong>Iwanson International School of Contemporary Dance Munich Germany :<\/strong><\/span><br \/><strong>Direct entrance to education With one moth reduce fee:<\/strong><br \/>206 &#8211; SIMONA PIZZOLLA &#8211; Italy<br \/>211- MONICA ROTONDO &#8211; Italy<br \/>200 &#8211; ALBERTO TAFUNI &#8211; Italy<\/p><p><strong>Direct entrance with 3 month reduce<\/strong><br \/>201 &#8211; BENEDEK G\u00c1BOR S\u00c1NTA &#8211; Hungary<br \/>209 &#8211; GELASHVILI MEGI &#8211; Georgia<br \/>213 &#8211; J\u00daLIA KARINA PRECUP &#8211; Hungary<\/p><p><strong>100 % Tuition fee &#8211; one week at Iwanson International\u2019s Summer Course:<\/strong><br \/>214 &#8211; GIUSEPPE CROGNALE &#8211; Italy<br \/>212 &#8211; MICHELLE TOSTO &#8211; Italy<br \/>210 &#8211; GIULIA MARRONE &#8211; taly<br \/>196 &#8211; CLAUDIA PELLECCHIA &#8211; Italy<br \/>223 &#8211; Duet &#8211; En dehors dance school &#8211; Greece<\/p><p><strong>Iwanson International School of Contemporary Dance<\/strong><br \/><strong>Postgraduate program 8 month with 3 choreographer<\/strong><br \/>Patrick Del Croix, Caroline Finn, Emese Nagy &#8211; 3 month reduce<br \/>216 &#8211; EMMANUEL GUADALUPE TORRES V\u00c1ZQUEZ &#8211; Mexico<br \/>208 &#8211; ALESSANDRO COLONNA-Italy<\/p><p><strong>Apptrenticeship Sibiu Ballet Theater,Romania (season 2024\/2025 )<\/strong><br \/>157 &#8211; LIZA ZS\u00d3FIA SZUCS Hungary<br \/>165 &#8211; EMMANUEL GUADALUPE TORRES V\u00c1ZQUEZ &#8211; Mexico<\/p><p><strong>ONE FREE ENTRY -Sibiu Dance Competition -October 2024 Sibiu Romania<\/strong><br \/>228 &#8211; Don\u00e1t, Lara Hanna , Kis, Dorottya &#8211; Hungary<br \/>199 &#8211; GUIDO GIULIA &#8211; ITALY<br \/>111- ESZTER M\u00dcLLER &#8211; Hungary<\/p><p><strong>ONE FREE ENTRY PREMIO INTERNAZIONALE DANZA GIOVANI CITA&#8217; DI SANEMO 11 MAY 2024<\/strong><br \/>113 &#8211; NIDA DIDVALE &#8211; Lithuania<br \/>123 &#8211; ANGELA VY\u0160NIAUSKAITE &#8211; Lithuania<br \/>124 &#8211; LIUCIJA BALCIUNAITE &#8211; Lithuania<br \/>138 &#8211; MARIAM KULIJANISHVILI &#8211; Georgia<br \/>154 &#8211; FERENC PATRIK PETHO &#8211; Hungary<br \/>157 &#8211; LIZA ZS\u00d3FIA SZUCS &#8211; Hungary<br \/>169 &#8211; BORKA KIS, ESZTER M\u00dcLLER &#8211; Hungary<br \/>173 &#8211; CHITALADZE MARIAMI, TAMARI KAKASHVILI &#8211; Georgia<br \/>174 &#8211; CARLOTTA CAPURSO &#8211; Italy<br \/>175 &#8211; GINEVRA INTIGLIETTA &#8211; Italy<br \/>183 &#8211; BENEDETTA DE NITTO &#8211; Italy<br \/>200 &#8211; ALBERTO TAFUNI &#8211; Italy<br \/>208 &#8211; ALESSANDRO COLONNA &#8211; Italy<br \/>224 &#8211; Duet -Danzarte &#8211; Italy<br \/>245 &#8211; LE BOLERO\u2019-BALLET CENTER &#8211; Italy<br \/>249 &#8211; SOLO UN ACCUMULO DI PICCOLI PASSI &#8211; DANZARTE &#8211; Italy<br \/>250 &#8211; PRISMA -CENTRO DANZA ENSEMBLE &#8211; Italy<br \/>241 &#8211; QUARTET &#8211; Laboratorio Danza &#8211; Italy<\/p><p><strong>50% ON TUITION FEE SUMMER INTENSIVE PROBALLET 7-12 JULY 2024 PULA CROATIA<\/strong><br \/>142 &#8211; SOFIJA JEFIMOVA Latvia<br \/>171 &#8211; LARA T\u00d3TH, N\u00d3RA LILLA MURVAI &#8211; Hungary<br \/>116 &#8211; KIARA CAPONE &#8211; Italy<br \/>120 &#8211; MARINA STEFANO &#8211; Italy<br \/>129 &#8211; LARA HANNA DON\u00c1T &#8211; Hungary<br \/>130 &#8211; ZS\u00d3FIA VERONIKA WE\u00d6RES &#8211; Hungary<br \/>177 &#8211; CAMILLA PALANO &#8211; Italy<br \/>186 &#8211; CARLOTTA TALEMA &#8211; Italy<br \/>194 &#8211; MAURA PALAZZO &#8211; Italy<br \/>187 &#8211; ADRIJA BARTUSEVICIUTE &#8211; Lithuania<br \/>176 &#8211; ANGELA VY\u0160NIAUSKAITE &#8211; Lithuania<br \/>179 &#8211; IZABELE MUZNIKAITE &#8211; Lithuania<br \/>206 &#8211; SIMONA PIZZOLLA &#8211; Italy<br \/>223 &#8211; Duet &#8211; En dehors dance school &#8211; Greece<br \/>222 &#8211; Duet &#8211; CENTRO DANZA ENSEMBLE &#8211; Italy<br \/>234 &#8211; DIVERTISMENT &#8211; LITHUANIA<\/p><p><strong>100 % ON TUITION FEE SUMMER INTENSIVE PROBALLET 7-12 JULY 2024 PULA CROATIA<\/strong><br \/>200 &#8211; ALBERTO TAFUNI &#8211; Italy<\/p><p><strong>Hungarian Dance Academy 100% Summer Intensive 06.- 17. August 2024-Budapest<\/strong><br \/>126 &#8211; MARIAM KULIJANISHVILI &#8211; Georgia<br \/>150 &#8211; TATA GRIGOLASHVILI &#8211; Georgia<\/p><p><strong>Hungarian Dance Academy scholarships 50 % for the academic year 2024\/2025.<\/strong><br \/>158 &#8211; SAMUELE APRILE(M) Italy<\/p><p><strong>50% Schoolarships summer course Allegro Balett Studio-08-13 July 2024-Budapest<\/strong><br \/>137 &#8211; ADRIJA BARTUSEVICIUTE &#8211; Lithuania<br \/>163 &#8211; LILI N\u00c9METH &#8211; Hungary<br \/>129 &#8211; LARA HANNA DON\u00c1T &#8211;\u00a0 Hungary<\/p><p><strong>Direct entry with 20% scholarship to the Elite Professional Dance Training Program by Ateneo Danza, Forli &#8211; Italy .<\/strong><br \/>128 &#8211; RENNA LORIS &#8211; Italy<br \/>137 &#8211; ADRIJA BARTUSEVICIUTE &#8211; Lithuania<\/p><p><strong>30% ON TUITION FEE WORKSHOP &amp; INVITATION COMPETITION FINAL ROUND &#8221; INTERNATIONAL DANCE TALENT COMPETITION ITALY&#8221; 1-7 JULY 2024 MESAGNE &#8211; ITALY<\/strong><br \/>128 &#8211; RENNA LORIS &#8211; Italy<\/p><p><strong>50% TUITION FEE WORKSHOP &amp; INVITATION COMPETITION FINAL ROUND &#8221; INTERNATIONAL DANCE TALENT COMPETITION ITALY&#8221; 1-7 JULY 2024 MESAGNE &#8211; Italy<\/strong><br \/>Liceo Coreutico Epifanio Ferdinando &#8211; Italy<br \/>236 &#8211; VERDI SUITE-ACCADEMIA DELLE DANZE &#8211; Italy<\/p><p><strong>100% WORKSHOP &amp; INVITATION COMPETITION &#8221;PLAYA DEL CARMEN DANCE COMPETITTION &#8221; 10-12 JANUARY 2025 -PLAYA DEL CARMEN -MEXICO<\/strong><br \/>ACADEMIA DE DANZA DORIS TOPETE GUADALAJARA &#8211; MEXICO &#8211; ALL PARTICIPANTS !<\/p><p><strong>100% WORKSHOP &amp; ONE FREE ENTRY -INVITATION COMPETITION &#8221;PLAYA DEL CARMEN DANCE COMPETITTION &#8221; 10-12 JANUARY 2025 -PLAYA DEL CARMEN -MEXICO<\/strong><br \/>252 &#8211; LA TREDICESIMA APOSTOLA &#8211; Accademia di Danza Nibe<\/p><p><strong>SHORT STAY (OCTOBER 2024 -JUNE 2025 ) APPRENTICESHIP -&#8221;INTERNATIONAL BALLET COMPANY OF MESSAPICA &#8221;, Mesagne Italy<\/strong><br \/>165 &#8211; EMMANUEL GUADALUPE TORRES V\u00c1ZQUEZ &#8211; Mexico<\/p><p><strong>50% TRAINEE PROGRAM SEASON (OCTOBER 2024 -JUNE 2025 )-&#8221;INTERNATIONAL BALLET COMPANY OF MESSAPICA &#8221;, Mesagne Italy<\/strong><br \/>162 &#8211; SOFIA LIACI &#8211; Italy<\/p><p><strong>50% One entry fee -Dubai International Dance Competition &#8211; 16 NOVEMBER 2024<\/strong><br \/>221 &#8211; INSOMNIA &#8211; VICTORIA ART&amp; SPORT COMPANY &#8211; HUNGARY<br \/>223 &#8211; WHEN THE BODY FINDS THE SOUL &#8211; EN DEHORS DANCE SCHOOL &#8211; GREECE<\/p><p><strong>100% One entry fee &#8211;Dubai International Dance Competition -16 NOVEMBER 2024<\/strong><br \/>183 &#8211; BENEDETTA DE NITTO &#8211; ITALY<\/p><p><strong>100% Danza Mare Senigallia 15-19 July 2024 &#8211; Senigallia Italy<\/strong><br \/>207 &#8211; BENEDETTA MARGIOTTA &#8211; Italy<\/p><p><strong>30% BALLET WORKSHOP 10-24 JULY 2024 BUCHAREST ROMANIA<\/strong><br \/>116 &#8211; KIARA CAPONE &#8211; Italy<br \/>131 &#8211; JULIJA VASILKOVA Latvia<\/p><p><strong>INTERDANZA<\/strong><br \/><strong>30% SCHOLARSHIP WORKSHOPS &amp; INTERNATIONAL GALA &#8220;DANCING ON WINGS&#8221; -3 &#8211; 5-May 2024 Livorno Italy<\/strong><br \/>119 &#8211; GIORGIA PIERRI &#8211; Italy<br \/>248 &#8211; Euthym\u00eca-Centro Educazione al Movimento &#8211; Italy<\/p><p><strong>Pollino Danza Festival 24-Open Card 100%<\/strong><br \/>211 &#8211; MONICA ROTONDO &#8211; Italy<\/p><p><strong>50% Pollino Danza Festival 24-Open Card<\/strong><br \/>244 &#8211; Balletto del Salento- Italy<br \/>250 &#8211; Centro Danza Ensemble &#8211; Italy<\/p><p><strong>100% Tuition Fee &#8211; Samenti Lab Campus di Danza-6-8 September 2024 Lecce Italy<\/strong><br \/>222 &#8211; ANFISBENA &#8211; CENTRO DANZA ENSEMBLE &#8211; Italy<\/p>\t\t\t\t\t\t\t\t<\/div>\n\t\t\t\t<\/div>\n\t\t\t\t\t<\/div>\n\t\t<\/div>\n\t\t\t\t\t<\/div>\n\t\t<\/section>\n\t\t\t\t<\/div>\n\t\t","protected":false},"excerpt":{"rendered":"<p>2024 Live Competition Winners Download full scores PRE COMPETITIVE 3RD PRIZE &#8211; 101 &#8211; UGNEJA PAULAUSKAITE-\u00a0 LITHUANIA 2ND PRIZE &#8211; 103 &#8211; ADELINA-VIKTORIJA BRAZAITYTE &#8211; LITHUANIA 1ST PRIZE\u00a0 &#8211; 105 &#8211;\u00a0 META ME\u0160KYTE &#8211; LITHUANIA JUNIOR I CLASSICAL 3RD PRIZE &#8211; 113 &#8211; NIDA DIDVALE-LITHUANIA 2ND PRIZE &#8211; 121 &#8211; IZABELE MUZNIKAIT-LITHUANIA 1ST PRIZE &#8211; [&hellip;]<\/p>\n","protected":false},"author":2,"featured_media":0,"parent":0,"menu_order":0,"comment_status":"closed","ping_status":"closed","template":"","meta":{"footnotes":""},"class_list":["post-7261","page","type-page","status-publish","hentry"],"_links":{"self":[{"href":"http:\/\/bariballetcompetition.com\/new\/wp-json\/wp\/v2\/pages\/7261","targetHints":{"allow":["GET"]}}],"collection":[{"href":"http:\/\/bariballetcompetition.com\/new\/wp-json\/wp\/v2\/pages"}],"about":[{"href":"http:\/\/bariballetcompetition.com\/new\/wp-json\/wp\/v2\/types\/page"}],"author":[{"embeddable":true,"href":"http:\/\/bariballetcompetition.com\/new\/wp-json\/wp\/v2\/users\/2"}],"replies":[{"embeddable":true,"href":"http:\/\/bariballetcompetition.com\/new\/wp-json\/wp\/v2\/comments?post=7261"}],"version-history":[{"count":9,"href":"http:\/\/bariballetcompetition.com\/new\/wp-json\/wp\/v2\/pages\/7261\/revisions"}],"predecessor-version":[{"id":7274,"href":"http:\/\/bariballetcompetition.com\/new\/wp-json\/wp\/v2\/pages\/7261\/revisions\/7274"}],"wp:attachment":[{"href":"http:\/\/bariballetcompetition.com\/new\/wp-json\/wp\/v2\/media?parent=7261"}],"curies":[{"name":"wp","href":"https:\/\/api.w.org\/{rel}","templated":true}]}}