{"id":3643,"date":"2018-07-20T15:43:50","date_gmt":"2018-07-20T13:43:50","guid":{"rendered":"http:\/\/bariballetcompetition.com\/new\/?page_id=3643"},"modified":"2025-09-25T18:50:50","modified_gmt":"2025-09-25T16:50:50","slug":"regolamento","status":"publish","type":"page","link":"https:\/\/bariballetcompetition.com\/new\/it\/ibcdc-it\/regolamento\/","title":{"rendered":"Regolamento"},"content":{"rendered":"\t\t<div data-elementor-type=\"wp-post\" data-elementor-id=\"3643\" class=\"elementor elementor-3643\" data-elementor-post-type=\"page\">\n\t\t\t\t\t\t<section class=\"elementor-section elementor-top-section elementor-element elementor-element-d7d3cf9 elementor-section-boxed elementor-section-height-default elementor-section-height-default\" data-id=\"d7d3cf9\" data-element_type=\"section\" data-e-type=\"section\">\n\t\t\t\t\t\t<div class=\"elementor-container elementor-column-gap-default\">\n\t\t\t\t\t<div class=\"elementor-column elementor-col-100 elementor-top-column elementor-element elementor-element-39a5d67\" data-id=\"39a5d67\" data-element_type=\"column\" data-e-type=\"column\">\n\t\t\t<div class=\"elementor-widget-wrap elementor-element-populated\">\n\t\t\t\t\t\t<div class=\"elementor-element elementor-element-1f41f99 elementor-widget elementor-widget-text-editor\" data-id=\"1f41f99\" data-element_type=\"widget\" data-e-type=\"widget\" data-widget_type=\"text-editor.default\">\n\t\t\t\t<div class=\"elementor-widget-container\">\n\t\t\t\t\t\t\t\t\t<p><b>Questa sezione \u00e8 valida per i partecipanti online e dal vivo<\/b><\/p><p>Tutti i partecipanti devono registrarsi e caricare i propri file video (partecipanti online) o musicali (partecipanti dal vivo) dopo aver creato il proprio account direttamente sulla pagina di registrazione entro e non oltre il\u00a0<b>10 Marzo 2026.<\/b><\/p><p>Se hai gi\u00e0 un account con\u00a0<a href=\"http:\/\/bariballetcompetition.com\/registration\" target=\"_blank\" rel=\"noopener\">dancecompgenie.com<\/a>\u00a0accedi alla\u00a0<a href=\"http:\/\/bariballetcompetition.com\/registration\" target=\"_blank\" rel=\"noopener\">pagina di registrazione.<\/a><br \/><span style=\"color: var( --e-global-color-text ); font-family: var( --e-global-typography-text-font-family ); font-weight: var( --e-global-typography-text-font-weight );\">Copia del passaporto o di qualsiasi altro documento che verifichi la data di nascita dei concorrenti deve essere inviata via e-mail a\u00a0<\/span>valentin.vevents@gmail.com<span style=\"color: var( --e-global-color-text ); font-family: var( --e-global-typography-text-font-family ); font-weight: var( --e-global-typography-text-font-weight );\"><br \/><\/span><span style=\"color: var( --e-global-color-text ); font-family: var( --e-global-typography-text-font-family ); font-weight: var( --e-global-typography-text-font-weight );\">Dopo aver completato l\u2019iscrizione, inclusa il pagamento, riceverai un\u2019e-mail di conferma all\u2019indirizzo e-mail registrato nel tuo account Dance Comp Genie.<\/span><\/p><p><span style=\"color: var( --e-global-color-text ); font-family: var( --e-global-typography-text-font-family ); font-weight: var( --e-global-typography-text-font-weight );\">Gli insegnanti, i genitori o un rappresentante del concorrente possono effettuare l\u2019iscrizione al posto del concorrente.<br \/><\/span><span style=\"color: var( --e-global-color-text ); font-family: var( --e-global-typography-text-font-family ); font-weight: var( --e-global-typography-text-font-weight );\">Le scuole\/le compagnie possono creare il proprio account, aggiungere tutti i ballerini con cui stanno partecipando e quindi creare ogni entrata.<\/span><\/p><p><span style=\"color: var( --e-global-color-text ); font-family: var( --e-global-typography-text-font-family ); font-weight: var( --e-global-typography-text-font-weight );\">Sar\u00e0 poi possibile inviare le iscrizioni dopo aver verificato i dati con tutti i propri concorrenti.<br \/><\/span><span style=\"color: var( --e-global-color-text ); font-family: var( --e-global-typography-text-font-family ); font-weight: var( --e-global-typography-text-font-weight );\">\u00c8 importante avere questo account centrale per collegare tutto all\u2019interno della stessa scuola\/compagnia.<br \/><\/span><span style=\"color: var( --e-global-color-text ); font-family: var( --e-global-typography-text-font-family ); font-weight: var( --e-global-typography-text-font-weight );\">Tutti i partecipanti possono inserire una o pi\u00f9 entrate in tutte le categorie.<br \/><\/span><span style=\"color: var( --e-global-color-text ); font-family: var( --e-global-typography-text-font-family ); font-weight: var( --e-global-typography-text-font-weight );\">Il numero delle entrate sar\u00e0 in base all\u2019ordine di arrivo ed \u00e8 limitato al tempo di esecuzione ancora disponibile.<\/span><\/p><p><b style=\"color: var( --e-global-color-text ); font-family: var( --e-global-typography-text-font-family );\">NOTE:<\/b><br \/>Con la registrazione\u00a0 i partecipanti\u00a0 DICHIARANO di essere a conoscenza che durante il concorso\u00a0 saranno\u00a0 effettuate riprese fotografiche\/cinematografiche dei partecipanti e autorizza la pubblicazione delle stesse sul sito Internet dell Concorso e\u00a0 sui social.\u00a0<\/p>\t\t\t\t\t\t\t\t<\/div>\n\t\t\t\t<\/div>\n\t\t\t\t<div class=\"elementor-element elementor-element-0105332 elementor-widget elementor-widget-text-editor\" data-id=\"0105332\" data-element_type=\"widget\" data-e-type=\"widget\" data-widget_type=\"text-editor.default\">\n\t\t\t\t<div class=\"elementor-widget-container\">\n\t\t\t\t\t\t\t\t\t<p><span style=\"font-weight: bold;\">Questa sezione \u00e8 valida per i partecipanti online e dal vivo<\/span><\/p><p>Il concorso si svolge con un unico round finale per tutte le categorie<\/p><p>I concorrenti saranno valutati attraverso un sistema di\u00a0<b>100 punti.<\/b><\/p><p>I concorrenti verranno giudicati in base alle capacit\u00e0 artistiche e alla tecnica.<br \/>Partecipanti maschi e femmine NON competeranno in categorie separate.<\/p><p>Se un concorrente esegue pi\u00f9 pezzi nella stessa categoria quello con il punteggio pi\u00f9 alto verr\u00e0 considerato per la classifica finale.\u00a0<\/p><p>Il voti della giuria saranno resi pubblici alla fine del concorso.<br \/>La giuria si riserva il diritto di non assegnare un premio o di dividerlo fra pi\u00f9 partecipanti.<br \/>Le decisioni della giuria sono finali e non sindacabili.<\/p><p>I partecipanti possono partecipare all&#8217;evento di persona, online (video registrati) o entrambi!<\/p><p>La giuria si riserva il diritto di non assegnare tutti i premi presentati.<\/p><p><strong>Nota Bene:<\/strong> i partecipanti online competeranno separatamente dai concorrenti dal vivo.<\/p>\t\t\t\t\t\t\t\t<\/div>\n\t\t\t\t<\/div>\n\t\t\t\t<div class=\"elementor-element elementor-element-df74b6a elementor-widget elementor-widget-text-editor\" data-id=\"df74b6a\" data-element_type=\"widget\" data-e-type=\"widget\" data-widget_type=\"text-editor.default\">\n\t\t\t\t<div class=\"elementor-widget-container\">\n\t\t\t\t\t\t\t\t\t<h3>Data di arrivo<\/h3><p>I concorrenti possono arrivare a Brindisi il 27 Marzo 2026 per il check-in.<br \/>Il Check-in inizier\u00e0 alle ore 11 presso l&#8217;Hotel Torino <a href=\"https:\/\/www.hoteltorinobrindisi.it\/\">www.hoteltorinobrindisi.it\/<\/a><br \/>Largo Pietro Palumbo 6, 72100 Brindisi BR ~Tel : 083 1 59 7587<\/p><p>I concorrenti devono effettuare il check-in al Concorso almeno il giorno della loro apparizione.<br \/><span style=\"color: var( --e-global-color-text ); font-family: var( --e-global-typography-text-font-family ); font-weight: var( --e-global-typography-text-font-weight );\">Si prega di fare i vostri piani di viaggio di conseguenza.<\/span><\/p><h3>Music Backup<\/h3><p>I concorrenti dovrebbero portare con s\u00e9 una copia di backup della loro musica, su un&#8217;unit\u00e0 flash in formato mp3 o wav o su un CD audio.<\/p><h3>Viaggio e alloggio<\/h3><p>Le spese di vitto, alloggio e viaggio da e per Lecce sono a carico dei concorrenti.<br \/>L&#8217;alloggio \u00e8 responsabilit\u00e0 del concorrente.<\/p><h3>Arrivo in palco<\/h3><p>Le prove tecniche su palco (OPEN STAGE) saranno fornite prima di ogni categoria.<br \/>L&#8217;ordine di apparizione \u00e8 determinato dal concorso dopo la scadenza delle iscrizioni il 17 Marzo 2026.<\/p><p>Il concorso si svolge presso il Teatro Impero -Via De&#8217; Terribili 4 &#8211; 72100 Brindisi (BR)<\/p><p>TEATRO IMPERO : The stage dimensions are 12m x 7 m-Stage with linoleum dance floor.Pendence 2%<\/p><p>Tutte le esibizioni del concorso si svolgono davanti a un pubblico.<\/p><p>Al momento del check-in ogni partecipante ricever\u00e0 gratuitamente una Pass Card per l&#8217;ingresso\u00a0 al teatro, al workshop e alla cerimonia di premiazione.<\/p><p>Un Pass Card gratuito sar\u00e0 anche dato a ogni insegnante o accompagnatore.<br \/>Per partecipanti singoli, pas de deux \/ duetto o gruppi \/ scuole fino a 7 partecipanti 1 Pass Card gratuito sar\u00e0 dato ad ogni insegnante o accompagnatore.<br \/>Per gruppi di 8 o pi\u00f9 partecipanti verranno assegnate un massimo di 3 Pass Card extra.<\/p><p>Saranno comunque disponibili pass extra al momento della registrazione e durante la gara al costo di 10\u20ac per visionare l&#8217;evento.<br \/>Il pass copre tutti i giorni del concorso e degli Awards.<\/p><p>Il concorso \u00e8 aperto solo agli insegnanti, accompagnatori o parenti dei partecipanti.<\/p><p>La <strong data-start=\"38\" data-end=\"66\">cerimonia di premiazione<\/strong> per i partecipanti dal vivo si terr\u00e0 il <strong data-start=\"107\" data-end=\"145\">29 marzo a partire dalle ore 20:30<\/strong> (salvo variazioni) presso il <strong data-start=\"175\" data-end=\"202\">Teatro Impero, Brindisi<\/strong>.<\/p><p><span style=\"color: #222222; font-family: Poppins; font-size: 20px;\">Costumi<\/span><\/p><p>I concorrenti devono provvedere indipendentemente ai propri costumi ed al trucco.<\/p><h3>Assicurazione<\/h3><p>I concorrenti sono responsabili di garantire la propria assicurazione medica e contro gli infortuni per tutta la durata della competizione.<\/p>\t\t\t\t\t\t\t\t<\/div>\n\t\t\t\t<\/div>\n\t\t\t\t<div class=\"elementor-element elementor-element-e74e5d9 elementor-widget elementor-widget-text-editor\" data-id=\"e74e5d9\" data-element_type=\"widget\" data-e-type=\"widget\" data-widget_type=\"text-editor.default\">\n\t\t\t\t<div class=\"elementor-widget-container\">\n\t\t\t\t\t\t\t\t\t<h3>Video<\/h3><div><p>I concorrenti devono caricare solo dei video che sono stati filmati durante l&#8217;anno 2025\/26<\/p><p>I concorrenti possono inviare il filmato con o senza costumi, girato in qualsiasi spazio interno o esterno o in altri eventi, a condizione che il filmato sia nitido e pulito, il suono sia chiaro e che il corpo del ballerino sia sempre visibile.<\/p><p>NON sono ammessi effetti speciali nel filmato.<br \/>Il video deve essere una sola ripresa di registrazione e non pi\u00f9 registrazioni modificate ed assemblate.<\/p><p>I loghi delle scuole e delle compagnie sono consentiti nei video dei ballerini.<\/p><\/div>\t\t\t\t\t\t\t\t<\/div>\n\t\t\t\t<\/div>\n\t\t\t\t\t<\/div>\n\t\t<\/div>\n\t\t\t\t\t<\/div>\n\t\t<\/section>\n\t\t\t\t<\/div>\n\t\t","protected":false},"excerpt":{"rendered":"<p>Iscrizione Questa sezione \u00e8 valida per i partecipanti online e dal vivo Tutti i partecipanti devono registrarsi e caricare i propri file video (partecipanti online) o musicali (partecipanti dal vivo) dopo aver creato il proprio account direttamente sulla pagina di registrazione entro e non oltre il\u00a010 Marzo 2026. Se hai gi\u00e0 un account con\u00a0dancecompgenie.com\u00a0accedi alla\u00a0pagina [&hellip;]<\/p>\n","protected":false},"author":2,"featured_media":0,"parent":3619,"menu_order":0,"comment_status":"closed","ping_status":"closed","template":"","meta":{"footnotes":""},"class_list":["post-3643","page","type-page","status-publish","hentry"],"_links":{"self":[{"href":"https:\/\/bariballetcompetition.com\/new\/wp-json\/wp\/v2\/pages\/3643","targetHints":{"allow":["GET"]}}],"collection":[{"href":"https:\/\/bariballetcompetition.com\/new\/wp-json\/wp\/v2\/pages"}],"about":[{"href":"https:\/\/bariballetcompetition.com\/new\/wp-json\/wp\/v2\/types\/page"}],"author":[{"embeddable":true,"href":"https:\/\/bariballetcompetition.com\/new\/wp-json\/wp\/v2\/users\/2"}],"replies":[{"embeddable":true,"href":"https:\/\/bariballetcompetition.com\/new\/wp-json\/wp\/v2\/comments?post=3643"}],"version-history":[{"count":34,"href":"https:\/\/bariballetcompetition.com\/new\/wp-json\/wp\/v2\/pages\/3643\/revisions"}],"predecessor-version":[{"id":7589,"href":"https:\/\/bariballetcompetition.com\/new\/wp-json\/wp\/v2\/pages\/3643\/revisions\/7589"}],"up":[{"embeddable":true,"href":"https:\/\/bariballetcompetition.com\/new\/wp-json\/wp\/v2\/pages\/3619"}],"wp:attachment":[{"href":"https:\/\/bariballetcompetition.com\/new\/wp-json\/wp\/v2\/media?parent=3643"}],"curies":[{"name":"wp","href":"https:\/\/api.w.org\/{rel}","templated":true}]}}