{"id":3849,"date":"2018-07-20T19:44:19","date_gmt":"2018-07-20T17:44:19","guid":{"rendered":"http:\/\/bariballetcompetition.com\/new\/?page_id=3849"},"modified":"2019-11-29T16:01:13","modified_gmt":"2019-11-29T15:01:13","slug":"privacy-policy","status":"publish","type":"page","link":"https:\/\/bariballetcompetition.com\/new\/privacy-policy\/","title":{"rendered":"Privacy Policy"},"content":{"rendered":"\n<p><strong>Informativa Privacy trattamento dati<\/strong><\/p>\n\n\n\n<p><strong>Documento informativo articolo 13 Reg. UE 2016\/679- GDPR<\/strong><\/p>\n\n\n\n<p><strong>BELL ART ASSOCIAZIONE CULTURALE<\/strong>, con sede operativa in Mesagne, Via Filippo Turati,12 nella persona del<\/p>\n\n\n\n<p>suo legale rappresentante,(in seguito, \u201c<strong>Titolare<\/strong>\u201d), in qualit\u00e0 di titolare del trattamento, La informa ai sensi<\/p>\n\n\n\n<p>dell\u2019art. 13 Regolamento UE n. 2016\/679 (in seguito, \u201c<strong>GDPR<\/strong>\u201d) che iSuoi dati saranno trattati con le modalit\u00e0 e<\/p>\n\n\n\n<p>per le finalit\u00e0 seguenti:<\/p>\n\n\n\n<p><strong>1.<\/strong><\/p>\n\n\n\n<p><strong>Oggetto del Trattamento<\/strong><\/p>\n\n\n\n<p>Il Titolare tratta i dati personali, identificativi (ad esempio, nome, cognome,indirizzo, telefono, e-mail,<\/p>\n\n\n\n<p>riferimenti bancari e di pagamento) \u2013 in seguito, \u201c<strong>dati personali<\/strong>\u201d o anche \u201c<strong>dati<\/strong>\u201d) da Lei comunicati in<\/p>\n\n\n\n<p>occasione della conclusione di contratti per i servizi del Titolare.<\/p>\n\n\n\n<p>Nonch\u00e9 informazioni raccolte in maniera automatizzata durante la navigazione on-line e conservate all\u2019interno<\/p>\n\n\n\n<p>di file di log, fra cui (ad esempio dati statistici o anonimizzati sul tipo di browser utilizzato, nome dell\u2019ISP,<\/p>\n\n\n\n<p>pagina di provenienza, data e ora dell\u2019accesso al sito ed area geografica).<\/p>\n\n\n\n<p>I dati derivanti dal servizio web potranno essere comunicati ai partner tecnologici e strumentali di cui il<\/p>\n\n\n\n<p>Titolare si avvale per l\u2019erogazione dei servizi richiesti dagli utenti visitatori. I dati personali forniti dagli utenti<\/p>\n\n\n\n<p>visitatori che inoltrano richieste di invio di materiale informativo (richieste di informazioni, risposte a quesiti,<\/p>\n\n\n\n<p>ecc.) o altre comunicazioni sono utilizzati al solo fine di eseguire il servizio o la prestazione richiesta e sono<\/p>\n\n\n\n<p>comunicati a terzi nel solo caso in cui ci\u00f2 sia a tal fine necessario (erogazione dei servizi richiesti per il tramite<\/p>\n\n\n\n<p>del partner tecnologico e strumentale). Il Titolare se avvale per il trattamento di autorizzati. Il Regolamento<\/p>\n\n\n\n<p>pone a carico dell\u2019autorizzato, ma anche del Titolare del trattamento l\u2019obbligo di conservazione della<\/p>\n\n\n\n<p>documentazione di tutti i trattamenti effettuati sotto la propria responsabilit\u00e0. Conservazione che se riferita a<\/p>\n\n\n\n<p>documenti informatici ovviamente implica necessarie competenze inerenti la conservazione digitale a norma.<\/p>\n\n\n\n<p><strong>2.<\/strong><\/p>\n\n\n\n<p><strong>Finalit\u00e0 del trattamento<\/strong><\/p>\n\n\n\n<p>I Suoi dati personali sono trattati:<\/p>\n\n\n\n<p>A)<\/p>\n\n\n\n<p>senza necessit\u00e0 di consenso espresso ex art. 6 GDPR, per le seguenti Finalit\u00e0:<\/p>\n\n\n\n<p>&#8211;<\/p>\n\n\n\n<p>concludere i contratti per i servizi del Titolare;<\/p>\n\n\n\n<p>&#8211;<\/p>\n\n\n\n<p>adempiere agli obblighi precontrattuali, contrattuali e fiscali derivanti da rapporti con Lei in<\/p>\n\n\n\n<p>essere;<\/p>\n\n\n\n<p>&#8211;<\/p>\n\n\n\n<p>esercitare i diritti del Titolare, ad esempio il diritto di difesa in giudizio;<\/p>\n\n\n\n<p>B) Solo previo Suo specifico e distinto consenso ex art. 7 GDPR, per le seguenti Finalit\u00e0 di Marketing:<\/p>\n\n\n\n<p>&#8211;<\/p>\n\n\n\n<p>inviarLe via e-mail, posta e\/o sms e\/o contatti telefonici, newsletter, comunicazioni commerciali<\/p>\n\n\n\n<p>e\/o materiale pubblicitario su prodotti o servizi offerti dal Titolare e rilevazione del grado di soddisfazione sulla<\/p>\n\n\n\n<p>qualit\u00e0 dei servizi;<\/p>\n\n\n\n<p>&#8211;<\/p>\n\n\n\n<p>inviarLe via e-mail, posta e\/o sms e\/o contatti telefonici comunicazioni commerciali e\/o<\/p>\n\n\n\n<p>promozionali di soggetti terzi (ad esempio business partner)<\/p>\n\n\n\n<p><strong>3.<\/strong><\/p>\n\n\n\n<p><strong>Modalit\u00e0 di trattamento<\/strong><\/p>\n\n\n\n<p>Il trattamento dei Suoi dati personali \u00e8 realizzato per mezzo delle operazioni indicate all\u2019art. 4 n. 2) GDPR e<\/p>\n\n\n\n<p>precisamente: raccolta, registrazione, organizzazione, conservazione, consultazione, elaborazione,<\/p>\n\n\n\n<p>modificazione, selezione, estrazione, raffronto, utilizzo, interconnessione, blocco, comunicazione,<\/p>\n\n\n\n<p>cancellazione e distruzione dei dati. I Suoi dati personali sono sottoposti a trattamento sia cartaceo che<\/p>\n\n\n\n<p>elettronico e\/o automatizzato.<\/p>\n\n\n\n<p>Il Titolare tratter\u00e0 i dati personali per il tempo necessario per adempiere alle finalit\u00e0 di cui sopra e comunque<\/p>\n\n\n\n<p>per non oltre 5 anni dalla cessazione del rapporto per le Finalit\u00e0 di Servizio e per non oltre 2 anni dalla<\/p>\n\n\n\n<p>cessazione del servizio, per la raccolta dei dati per le Finalit\u00e0 di Marketing. Fatte salve le disposizioni di legge<\/p>\n\n\n\n<p>per la conservazione di dati fiscali.<\/p>\n\n\n\n<p><strong>Dati di navigazione.&nbsp;<\/strong>I sistemi informatici e le procedure software preposte al funzionamento di questo sito<\/p>\n\n\n\n<p>web acquisiscono, nel corso del loro normale esercizio, alcuni dati personali la cui trasmissione \u00e8 implicita<\/p>\n\n\n\n<p>nell\u2019uso dei protocolli di comunicazione di Internet.<\/p>\n\n\n\n<p>Si tratta di informazioni che non sono raccolte per essere associate a interessati identificati, ma che per loro<\/p>\n\n\n\n<p>stessa natura potrebbero, attraverso elaborazioni ed associazioni con dati detenuti da terzi, permettere di<\/p>\n\n\n\n<p>identificare gli utenti.<\/p>\n\n\n\n<p>Questi dati vengono utilizzati al solo fine di ricavare informazioni statistiche anonime sull\u2019uso del sito. I dati<\/p>\n\n\n\n<p>potrebbero essere utilizzati per l\u2019accertamento di responsabilit\u00e0 in caso di ipotetici reati informatici ai danni<\/p>\n\n\n\n<p>del sito.<\/p>\n\n\n\n<p><strong>Dati forniti volontariamente dall\u2019utente.&nbsp;<\/strong>L\u2019invio facoltativo, esplicito e volontario di posta elettronica agli<\/p>\n\n\n\n<p>indirizzi eventualmente indicati su questo sito comporta la successiva acquisizione dell\u2019indirizzo del mittente,<\/p>\n\n\n\n<p>necessario per rispondere alle richieste, nonch\u00e9 degli eventuali altri dati personali inseriti nella missiva.<\/p>\n\n\n\n<p>Nel caso Lei abbia conferito esplicito e libero consenso, durante il processo di registrazione, di richiesta<\/p>\n\n\n\n<p>assistenza e di registrazione alla newsletter o durante l\u2019utilizzo dei nostri servizi, i suddetti dati personali<\/p>\n\n\n\n<p>potranno essere trattati anche per le seguenti ulteriori finalit\u00e0: invio di Newsletter e avvisi commerciali, attivit\u00e0<\/p>\n\n\n\n<p>di marketing tradizionale come ad es. invio di brochure, cataloghi e\/o tecnica con posta ordinaria cartacea e<\/p>\n\n\n\n<p>telefonate con operatore, ed ancora attivit\u00e0 di marketing con strumenti automatizzati o assimilati quali: Fax, E-<\/p>\n\n\n\n<p>mail, SMS, MMS, Istant Messaging, Chat e telefonate senza operatore. Inoltre, attivit\u00e0 di marketing on-line,<\/p>\n\n\n\n<p>web marketing e web advertising. Ricerche di mercato e attivit\u00e0 di profilazione commerciale e infine,<\/p>\n\n\n\n<p>comunicazione a soggetti terzi. Il conferimento dei dati personali raccolti per le finalit\u00e0 sopraindicate \u00e8<\/p>\n\n\n\n<p>facoltativo.<\/p>\n\n\n\n<p>Ove necessario i dati potranno essere comunicati anche a terzi. I dati ottenuti tramite autenticazione con<\/p>\n\n\n\n<p>sistemi di terzi si intendono conferiti a questo sito tramite l\u2019esplicita accettazione del servizio di autenticazione<\/p>\n\n\n\n<p>(o-auth).<\/p>\n\n\n\n<p><strong>4.<\/strong><\/p>\n\n\n\n<p><strong>Accesso ai dati<\/strong><\/p>\n\n\n\n<p>I Suoi dati potranno essere resi accessibili per le finalit\u00e0 di cui al punto 2.A e 2.B:<\/p>\n\n\n\n<p>&#8211;<\/p>\n\n\n\n<p>a dipendenti e collaboratori del Titolare o delle societ\u00e0 MBE in Italia e, nella loro qualit\u00e0 di<\/p>\n\n\n\n<p>incaricati e\/o autorizzati interni del trattamento e\/o amministratori di sistema;<\/p>\n\n\n\n<p><strong>5.<\/strong><\/p>\n\n\n\n<p><strong>Comunicazione dei dati<\/strong><\/p>\n\n\n\n<p>Senza la necessit\u00e0 di un espresso consenso art. 6 lett. b) e c) GDPR), il Titolare potr\u00e0 comunicare i Suoi dati per<\/p>\n\n\n\n<p>le finalit\u00e0 di cui al punto 2.A a quei soggetti ai quali la comunicazione sia obbligatoria per legge per<\/p>\n\n\n\n<p>l\u2019espletamento delle finalit\u00e0 dette. Detti soggetti tratteranno i dati nella loro qualit\u00e0 di autonomi titolari del<\/p>\n\n\n\n<p>trattamento.<\/p>\n\n\n\n<p>Tali dati potrebbero essere trattati attraverso servizi localizzati al di fuori dell&#8217;Unione Europea, quali \u2013 ad<\/p>\n\n\n\n<p>esempio \u2013 quelli forniti da societ\u00e0 come Google, Facebook, Microsoft, ci\u00f2 sia tramite specifici plugin utilizzati<\/p>\n\n\n\n<p>per i social network, sia tramite servizi di analisi quasi Google Analytics.<\/p>\n\n\n\n<p>Le aziende di cui sopra, in ogni caso, hanno esplicitato la propria adesione al Privacy Shield.<\/p>\n\n\n\n<p><strong>6.<\/strong><\/p>\n\n\n\n<p><strong>Natura del conferimento dei dati e conseguenze del rifiuto di rispondere<\/strong><\/p>\n\n\n\n<p>Il conferimento dei dati per le finalit\u00e0 di cui al punto 2.A) \u00e8 obbligatorio. In loro assenza, non potremo<\/p>\n\n\n\n<p>garantirLe i Servizi forniti dal Titolare.<\/p>\n\n\n\n<p>Il conferimento dei dati per le finalit\u00e0 di cui all\u2019art. 2.B) \u00e8 invece facoltativo. Pu\u00f2 quindi decidere di non<\/p>\n\n\n\n<p>conferire alcun dato o di negare successivamente la possibilit\u00e0 di trattare dati gi\u00e0 forniti: in tal caso, non potr\u00e0<\/p>\n\n\n\n<p>ricevere newsletter, comunicazioni commerciali e materiale pubblicitario inerenti ai Servizi offerti dal Titolare.<\/p>\n\n\n\n<p>Continuer\u00e0 comunque ad avere diritto ai Servizi di cui al punto 2.A).<\/p>\n\n\n\n<p><strong>7.<\/strong><\/p>\n\n\n\n<p><strong>Diritti dell\u2019interessato<\/strong><\/p>\n\n\n\n<p>Nella Sua qualit\u00e0 di interessato, ha i diritti ove applicabili di cui dagli artt. 15 a 22 Regolamento UE 2016\/679 e<\/p>\n\n\n\n<p>precisamente: diritto di accesso, diritto di rettifica, diritto all\u2019oblio, diritto di limitazione di trattamento, diritto<\/p>\n\n\n\n<p>alla portabilit\u00e0 dei dati, diritto di opposizione, nonch\u00e9 il diritto di reclamo all\u2019Autorit\u00e0 Garante.<\/p>\n\n\n\n<p><strong>8.<\/strong><\/p>\n\n\n\n<p><strong>Modalit\u00e0 di esercizio dei diritti<\/strong><\/p>\n\n\n\n<p>Potr\u00e0 in qualsiasi momento esercitare i diritti inviando una mail all\u2019indirizzo&nbsp;<strong>:<\/strong><a href=\"mailto:_bellartac@gmail.com\">_bellartac@gmail.com<\/a>&nbsp;oppure<\/p>\n\n\n\n<p>tramite una comunicazione scritta a mezzo Raccomandata a\/r: al Titolale del trattamento dei dati<strong>, in persona<\/strong><\/p>\n\n\n\n<p><strong>del Presidente dell\u2019associazione,&nbsp;<\/strong>con sede legale Mesagne, Via Filippo Turati,12.<\/p>\n\n\n\n<p>Il titolare si assume l\u2019onere di dare una risposta al reclamo presentato dall\u2019interessato entro 1 (uno) mese dalla<\/p>\n\n\n\n<p>richiesta, anche in caso di diniego. Termine prorogato fino a 3 (tre) mesi in casi di particolare complessit\u00e0.<\/p>\n\n\n\n<p><strong>9.<\/strong><\/p>\n\n\n\n<p><strong>Consenso al trattamento e minori<\/strong><\/p>\n\n\n\n<p>L\u2019interessato dichiara di aver letto l\u2019informativa, sopra riportata, con la comunicazione dei dati personali<\/p>\n\n\n\n<p>liberamente conferiti o in altro modo raccolti nel corso della navigazione, effettuato sempre nel rispetto della<\/p>\n\n\n\n<p>privacy in vigore; presta il suo consenso al trattamento, e pertanto,&nbsp;<strong>\u201cspuntando\u201d&nbsp;<\/strong>nella apposita casella<strong>&nbsp;accetta<\/strong><\/p>\n\n\n\n<p><strong>espressamente<\/strong>&nbsp;la registrazione ed il trattamento dei propri dati che sar\u00e0 improntato ai principi di correttezza,<\/p>\n\n\n\n<p>liceit\u00e0 e trasparenza, nelle modalit\u00e0 sopra indicate.<\/p>\n\n\n\n<p>Particolari condizioni sono dettate dal Regolamento UE 679\/ 2016 nell\u2019interesse dei minori all\u2019art.8, il quale<\/p>\n\n\n\n<p>chiarisce che il trattamento di dati personali di minori al di sotto dei 16 anni \u2013 o, se previsto dal diritto degli<\/p>\n\n\n\n<p>Stati membri, di un\u2019et\u00e0 inferiore ma non al di sotto di 13 anni \u2013 \u00e8 lecito soltanto se e nella misura in cui tale<\/p>\n\n\n\n<p>consenso \u00e8 espresso o autorizzato dal titolare della responsabilit\u00e0 genitoriale sul minore. Per cui<\/p>\n\n\n\n<p>comportamenti assunti dai minori senza l\u2019autorizzazione di chi \u00e8 tenuto a sorvegliarlo sotto la sua<\/p>\n\n\n\n<p>responsabilit\u00e0, genitori in primis, sono contrari alle disposizioni e non pu\u00f2 ritenersi il titolare del trattamento<\/p>\n\n\n\n<p>responsabile per aver il minore violato la legge, aggirando le disposizioni in vigore.<\/p>\n\n\n\n<p><strong>10.<\/strong><\/p>\n\n\n\n<p><strong>Informativa estesa dei cookie<\/strong><\/p>\n\n\n\n<p>Per cookie s\u2019intende un elemento testuale che viene inserito nel disco fisso di un computer solo in seguito ad<\/p>\n\n\n\n<p>autorizzazione. Se si acconsente, il testo viene scaricato in un file di piccole dimensioni. I cookies hanno la<\/p>\n\n\n\n<p>funzione di consentire l\u2019accesso alla fornitura del servizio funzionando come filtri di sicurezza e di consentire<\/p>\n\n\n\n<p>alle applicazioni Web di inviare informazioni a singoli utenti. Non viene fatto uso di cookies per la trasmissione<\/p>\n\n\n\n<p>di informazioni di carattere personale. L\u2019utilizzo dei Cookies \u00e8 facoltativo e la loro disattivazione non comporta<\/p>\n\n\n\n<p>nessuna anomalia nella visualizzazione delle pagine istituzionali del sito.<\/p>\n\n\n\n<p>I cookie sono piccoli file di testo inviati dal sito al terminale dell\u2019interessato (solitamente al browser), dove<\/p>\n\n\n\n<p>vengono memorizzati per essere poi ritrasmessi al sito alla successiva visita del medesimo utente. Un cookie<\/p>\n\n\n\n<p>non pu\u00f2 richiamare nessun altro dato dal disco fisso dell\u2019utente n\u00e9 trasmettere virus informatici o acquisire<\/p>\n\n\n\n<p>indirizzi email. Ogni cookie \u00e8 unico per il web browser dell\u2019utente. Alcune delle funzioni dei cookie possono<\/p>\n\n\n\n<p>essere demandate ad altre tecnologie. Nel presente documento con il termine \u2018cookie\u2019 si vuol far riferimento<\/p>\n\n\n\n<p>sia ai cookie, propriamente detti, sia a tutte le tecnologie similari.<\/p>\n\n\n\n<p>Nel dettaglio, il sito che si sta visualizzando utilizza:<\/p>\n\n\n\n<p><em>Cookie tecnici essenziali<\/em>&nbsp;necessari al corretto funzionamento del sito. Consentono, ad esempio, la navigazione<\/p>\n\n\n\n<p>delle pagine e la memorizzazione delle credenziali d\u2019accesso di un utente per mantenerle attiva nella sessione<\/p>\n\n\n\n<p>durante la navigazione<\/p>\n\n\n\n<p><em>Cookie tecnici analytics<\/em>per l\u2019ottimizzazione del sito, direttamente dal titolare al trattamento dei dati del sito<\/p>\n\n\n\n<p>stesso, che potr\u00e0 raccogliere informazioni, anche in forma aggregata, sul numero degli utenti e su come questi<\/p>\n\n\n\n<p>visitano il sito. Gli utenti interessati possono leggere le note informative sulla privacy fornite dei seguenti<\/p>\n\n\n\n<p>soggetti:<\/p>\n\n\n\n<p>L\u2019utente che intende negare il consenso all\u2019accettazione dei cookie sul proprio dispositivo deve modificare le<\/p>\n\n\n\n<p>impostazioni del browser per la navigazione su Internet.<\/p>\n\n\n\n<p><strong>Come disabilitare\/cancellare i cookie mediante configurazione del browser<\/strong><\/p>\n\n\n\n<p><strong>Chrome<\/strong><\/p>\n\n\n\n<p>1. Eseguire il Browser Chrome<\/p>\n\n\n\n<p>2. Fare click sul men\u00f9 presente nella barra degli strumenti del browser a fianco della fine stra di inserimento url per<\/p>\n\n\n\n<p>la navigazione<\/p>\n\n\n\n<p>3. Selezionare<strong>&nbsp;Impostazioni<\/strong><\/p>\n\n\n\n<p>4. Fare clic su&nbsp;<strong>Mostra Impostazioni Avanzate<\/strong><\/p>\n\n\n\n<p>5. Nella sezione \u201cPrivacy\u201d fare clic su bottone&nbsp;<strong>\u201cImpostazioni contenuti\u201c<\/strong><\/p>\n\n\n\n<p>6. Nella sezione \u201cCookie\u201d \u00e8 possibile modificare le seguenti impostazioni relative ai cookie:<\/p>\n\n\n\n<p>\u2022 Consentire il salvataggio dei dati in locale<\/p>\n\n\n\n<p>\u2022 Modificare i dati locali solo fino alla chiusura del browser<\/p>\n\n\n\n<p>\u2022 Impedire ai siti di impostare i cookie<\/p>\n\n\n\n<p>\u2022 Bloccare i cookie di terze parti e i dati dei siti<\/p>\n\n\n\n<p>\u2022 Gestire le eccezioni per alcuni siti internet<\/p>\n\n\n\n<p>\u2022 Eliminare uno o tutti i cookie<\/p>\n\n\n\n<p>Per maggiori informazioni visita la<a href=\"https:\/\/support.google.com\/accounts\/answer\/61416?hl=en\">&nbsp;pagina dedicata.<\/a><\/p>\n\n\n\n<p>chiedere ogni volta)<\/p>\n\n\n\n<p>\u2022 Rimuovere i singoli cookie immagazzinati.<\/p>\n\n\n\n<p><strong>Internet Explorer<\/strong><\/p>\n\n\n\n<p>1. Eseguire il Browser Internet Explorer<\/p>\n\n\n\n<p>2. Fare click sul pulsante&nbsp;<strong>Strumenti<\/strong>&nbsp;e scegliere&nbsp;<strong>Opzioni Internet<\/strong><\/p>\n\n\n\n<p>3. Fare click sulla scheda&nbsp;<strong>Privacy<\/strong>&nbsp;e, nella sezione&nbsp;<strong>Impostazioni<\/strong>, modificare il dispositivo di scorrimento in funzione<\/p>\n\n\n\n<p>dell\u2019azione desiderata per i cookie:<\/p>\n\n\n\n<p>\u2022 Bloccare tutti i cookie<\/p>\n\n\n\n<p>\u2022 Consentire tutti i cookie<\/p>\n\n\n\n<p>\u2022 Selezionare i siti da cui ottenere cookie: spostare il cursore in una posizione intermedia in m odo da non bloccare<\/p>\n\n\n\n<p>o consentire tutti i cookie, premere quindi su Siti, nella casella Indirizzo Sito Web inserire un sito internet e quindi<\/p>\n\n\n\n<p>premere su Blocca o Consenti.<\/p>\n\n\n\n<ul class=\"wp-block-list\"><li><a href=\"http:\/\/www.facebook.com\/sharer.php?u=http:\/\/competition.interdanza.it\/en\/privacy\"><\/a><\/li><\/ul>\n","protected":false},"excerpt":{"rendered":"<p>Informativa Privacy trattamento dati Documento informativo articolo 13 Reg. UE 2016\/679- GDPR BELL ART ASSOCIAZIONE CULTURALE, con sede operativa in Mesagne, Via Filippo Turati,12 nella persona del suo legale rappresentante,(in seguito, \u201cTitolare\u201d), in qualit\u00e0 di titolare del trattamento, La informa ai sensi dell\u2019art. 13 Regolamento UE n. 2016\/679 (in seguito, \u201cGDPR\u201d) che iSuoi dati saranno [&hellip;]<\/p>\n","protected":false},"author":2,"featured_media":0,"parent":0,"menu_order":0,"comment_status":"closed","ping_status":"closed","template":"","meta":{"footnotes":""},"class_list":["post-3849","page","type-page","status-publish","hentry"],"_links":{"self":[{"href":"https:\/\/bariballetcompetition.com\/new\/wp-json\/wp\/v2\/pages\/3849","targetHints":{"allow":["GET"]}}],"collection":[{"href":"https:\/\/bariballetcompetition.com\/new\/wp-json\/wp\/v2\/pages"}],"about":[{"href":"https:\/\/bariballetcompetition.com\/new\/wp-json\/wp\/v2\/types\/page"}],"author":[{"embeddable":true,"href":"https:\/\/bariballetcompetition.com\/new\/wp-json\/wp\/v2\/users\/2"}],"replies":[{"embeddable":true,"href":"https:\/\/bariballetcompetition.com\/new\/wp-json\/wp\/v2\/comments?post=3849"}],"version-history":[{"count":2,"href":"https:\/\/bariballetcompetition.com\/new\/wp-json\/wp\/v2\/pages\/3849\/revisions"}],"predecessor-version":[{"id":5705,"href":"https:\/\/bariballetcompetition.com\/new\/wp-json\/wp\/v2\/pages\/3849\/revisions\/5705"}],"wp:attachment":[{"href":"https:\/\/bariballetcompetition.com\/new\/wp-json\/wp\/v2\/media?parent=3849"}],"curies":[{"name":"wp","href":"https:\/\/api.w.org\/{rel}","templated":true}]}}